{"id":5453,"date":"2024-08-09T09:48:42","date_gmt":"2024-08-09T14:48:42","guid":{"rendered":"https:\/\/plataforma.regioncallao.gob.pe\/calendario-callao\/?page_id=5453"},"modified":"2025-03-07T10:10:43","modified_gmt":"2025-03-07T15:10:43","slug":"rutas-cortas","status":"publish","type":"page","link":"https:\/\/plataforma.regioncallao.gob.pe\/calendario-callao\/home\/rutas-cortas\/","title":{"rendered":"Rutas Cortas"},"content":{"rendered":"\t\t<div data-elementor-type=\"wp-page\" data-elementor-id=\"5453\" class=\"elementor elementor-5453\" data-elementor-settings=\"[]\">\n\t\t\t\t\t\t\t<div class=\"elementor-section-wrap\">\n\t\t\t\t\t\t\t<section class=\"elementor-section elementor-top-section elementor-element elementor-element-e2fa705 elementor-section-height-min-height elementor-section-full_width elementor-section-content-space-evenly elementor-hidden-phone elementor-section-height-default elementor-section-items-middle\" data-id=\"e2fa705\" data-element_type=\"section\">\n\t\t\t\t\t\t<div class=\"elementor-container elementor-column-gap-no\">\n\t\t\t\t\t<div class=\"elementor-column elementor-col-100 elementor-top-column elementor-element elementor-element-a4da7cc\" data-id=\"a4da7cc\" data-element_type=\"column\">\n\t\t\t<div class=\"elementor-widget-wrap elementor-element-populated\">\n\t\t\t\t\t\t\t\t<div class=\"elementor-element elementor-element-d08ea32 elementor-widget__width-inherit elementor-arrows-position-inside elementor-pagination-position-outside elementor-widget elementor-widget-image-carousel\" data-id=\"d08ea32\" data-element_type=\"widget\" data-settings=\"{&quot;slides_to_show&quot;:&quot;1&quot;,&quot;effect&quot;:&quot;fade&quot;,&quot;navigation&quot;:&quot;both&quot;,&quot;autoplay&quot;:&quot;yes&quot;,&quot;pause_on_hover&quot;:&quot;yes&quot;,&quot;pause_on_interaction&quot;:&quot;yes&quot;,&quot;autoplay_speed&quot;:5000,&quot;infinite&quot;:&quot;yes&quot;,&quot;speed&quot;:500}\" data-widget_type=\"image-carousel.default\">\n\t\t\t\t<div class=\"elementor-widget-container\">\n\t\t\t\t\t<div class=\"elementor-image-carousel-wrapper swiper-container\" dir=\"ltr\">\n\t\t\t<div class=\"elementor-image-carousel swiper-wrapper swiper-image-stretch\">\n\t\t\t\t<div class=\"swiper-slide\"><figure class=\"swiper-slide-inner\"><img decoding=\"async\" class=\"swiper-slide-image\" src=\"https:\/\/plataforma.regioncallao.gob.pe\/calendario-callao\/wp-content\/uploads\/elementor\/thumbs\/5-24-qs17ff8gslefaobr746gof6kxh9iea8mlcsuq6h870.jpg\" alt=\"5 (24)\" \/><\/figure><\/div><div class=\"swiper-slide\"><figure class=\"swiper-slide-inner\"><img decoding=\"async\" class=\"swiper-slide-image\" src=\"https:\/\/plataforma.regioncallao.gob.pe\/calendario-callao\/wp-content\/uploads\/elementor\/thumbs\/4-26-qs17fdcsexbungehi3d7jfnnqpiryw15x3hvrmk0jg.jpg\" alt=\"4 (26)\" \/><\/figure><\/div><div class=\"swiper-slide\"><figure class=\"swiper-slide-inner\"><img decoding=\"async\" class=\"swiper-slide-image\" src=\"https:\/\/plataforma.regioncallao.gob.pe\/calendario-callao\/wp-content\/uploads\/elementor\/thumbs\/3-26-qs17fcey83akbufunkykyxw75bner6xfkyueaclepo.jpg\" alt=\"3 (26)\" \/><\/figure><\/div><div class=\"swiper-slide\"><figure class=\"swiper-slide-inner\"><img decoding=\"async\" class=\"swiper-slide-image\" src=\"https:\/\/plataforma.regioncallao.gob.pe\/calendario-callao\/wp-content\/uploads\/elementor\/thumbs\/2-27-qs17faj9uf7zomikyk5btyd9yjwobspywpjfbso724.jpg\" alt=\"2 (27)\" \/><\/figure><\/div><div class=\"swiper-slide\"><figure class=\"swiper-slide-inner\"><img decoding=\"async\" class=\"swiper-slide-image\" src=\"https:\/\/plataforma.regioncallao.gob.pe\/calendario-callao\/wp-content\/uploads\/elementor\/thumbs\/1-29-qs17f7pr9x44psmof0xg4h2w6eakoperwbkyvysdks.jpg\" alt=\"1 (29)\" \/><\/figure><\/div>\t\t\t<\/div>\n\t\t\t\t\t\t\t\t\t\t\t\t<div class=\"swiper-pagination\"><\/div>\n\t\t\t\t\t\t\t\t\t\t\t\t\t<div class=\"elementor-swiper-button elementor-swiper-button-prev\">\n\t\t\t\t\t\t<i class=\"eicon-chevron-left\" aria-hidden=\"true\"><\/i>\n\t\t\t\t\t\t<span class=\"elementor-screen-only\">Previous<\/span>\n\t\t\t\t\t<\/div>\n\t\t\t\t\t<div class=\"elementor-swiper-button elementor-swiper-button-next\">\n\t\t\t\t\t\t<i class=\"eicon-chevron-right\" aria-hidden=\"true\"><\/i>\n\t\t\t\t\t\t<span class=\"elementor-screen-only\">Next<\/span>\n\t\t\t\t\t<\/div>\n\t\t\t\t\t\t\t\t\t<\/div>\n\t\t\t\t<\/div>\n\t\t\t\t<\/div>\n\t\t\t\t\t<\/div>\n\t\t<\/div>\n\t\t\t\t\t\t\t<\/div>\n\t\t<\/section>\n\t\t\t\t<section class=\"elementor-section elementor-top-section elementor-element elementor-element-417868a elementor-section-height-min-height elementor-section-full_width elementor-section-content-space-evenly elementor-hidden-desktop elementor-hidden-tablet elementor-section-height-default elementor-section-items-middle\" data-id=\"417868a\" data-element_type=\"section\">\n\t\t\t\t\t\t<div class=\"elementor-container elementor-column-gap-no\">\n\t\t\t\t\t<div class=\"elementor-column elementor-col-100 elementor-top-column elementor-element elementor-element-5dc6bd0\" data-id=\"5dc6bd0\" data-element_type=\"column\">\n\t\t\t<div class=\"elementor-widget-wrap elementor-element-populated\">\n\t\t\t\t\t\t\t\t<div class=\"elementor-element elementor-element-9255311 elementor-widget__width-inherit elementor-arrows-position-inside elementor-pagination-position-outside elementor-widget elementor-widget-image-carousel\" data-id=\"9255311\" data-element_type=\"widget\" data-settings=\"{&quot;slides_to_show&quot;:&quot;1&quot;,&quot;effect&quot;:&quot;fade&quot;,&quot;navigation&quot;:&quot;both&quot;,&quot;autoplay&quot;:&quot;yes&quot;,&quot;pause_on_hover&quot;:&quot;yes&quot;,&quot;pause_on_interaction&quot;:&quot;yes&quot;,&quot;autoplay_speed&quot;:5000,&quot;infinite&quot;:&quot;yes&quot;,&quot;speed&quot;:500}\" data-widget_type=\"image-carousel.default\">\n\t\t\t\t<div class=\"elementor-widget-container\">\n\t\t\t\t\t<div class=\"elementor-image-carousel-wrapper swiper-container\" dir=\"ltr\">\n\t\t\t<div class=\"elementor-image-carousel swiper-wrapper swiper-image-stretch\">\n\t\t\t\t<div class=\"swiper-slide\"><figure class=\"swiper-slide-inner\"><img decoding=\"async\" class=\"swiper-slide-image\" src=\"https:\/\/plataforma.regioncallao.gob.pe\/calendario-callao\/wp-content\/uploads\/2024\/08\/rc-slider-391x260.jpg\" alt=\"rc-slider\" \/><\/figure><\/div><div class=\"swiper-slide\"><figure class=\"swiper-slide-inner\"><img decoding=\"async\" class=\"swiper-slide-image\" src=\"https:\/\/plataforma.regioncallao.gob.pe\/calendario-callao\/wp-content\/uploads\/2024\/08\/4-26-391x260.jpg\" alt=\"4 (26)\" \/><\/figure><\/div><div class=\"swiper-slide\"><figure class=\"swiper-slide-inner\"><img decoding=\"async\" class=\"swiper-slide-image\" src=\"https:\/\/plataforma.regioncallao.gob.pe\/calendario-callao\/wp-content\/uploads\/2024\/08\/3-26-391x260.jpg\" alt=\"3 (26)\" \/><\/figure><\/div><div class=\"swiper-slide\"><figure class=\"swiper-slide-inner\"><img decoding=\"async\" class=\"swiper-slide-image\" src=\"https:\/\/plataforma.regioncallao.gob.pe\/calendario-callao\/wp-content\/uploads\/2024\/08\/2-27-391x260.jpg\" alt=\"2 (27)\" \/><\/figure><\/div><div class=\"swiper-slide\"><figure class=\"swiper-slide-inner\"><img decoding=\"async\" class=\"swiper-slide-image\" src=\"https:\/\/plataforma.regioncallao.gob.pe\/calendario-callao\/wp-content\/uploads\/2024\/08\/1-29-391x260.jpg\" alt=\"1 (29)\" \/><\/figure><\/div>\t\t\t<\/div>\n\t\t\t\t\t\t\t\t\t\t\t\t<div class=\"swiper-pagination\"><\/div>\n\t\t\t\t\t\t\t\t\t\t\t\t\t<div class=\"elementor-swiper-button elementor-swiper-button-prev\">\n\t\t\t\t\t\t<i class=\"eicon-chevron-left\" aria-hidden=\"true\"><\/i>\n\t\t\t\t\t\t<span class=\"elementor-screen-only\">Previous<\/span>\n\t\t\t\t\t<\/div>\n\t\t\t\t\t<div class=\"elementor-swiper-button elementor-swiper-button-next\">\n\t\t\t\t\t\t<i class=\"eicon-chevron-right\" aria-hidden=\"true\"><\/i>\n\t\t\t\t\t\t<span class=\"elementor-screen-only\">Next<\/span>\n\t\t\t\t\t<\/div>\n\t\t\t\t\t\t\t\t\t<\/div>\n\t\t\t\t<\/div>\n\t\t\t\t<\/div>\n\t\t\t\t\t<\/div>\n\t\t<\/div>\n\t\t\t\t\t\t\t<\/div>\n\t\t<\/section>\n\t\t\t\t<section class=\"elementor-section elementor-top-section elementor-element elementor-element-1675041 elementor-section-boxed elementor-section-height-default elementor-section-height-default\" data-id=\"1675041\" data-element_type=\"section\">\n\t\t\t\t\t\t<div class=\"elementor-container elementor-column-gap-default\">\n\t\t\t\t\t<div class=\"elementor-column elementor-col-100 elementor-top-column elementor-element elementor-element-c5643aa\" data-id=\"c5643aa\" data-element_type=\"column\">\n\t\t\t<div class=\"elementor-widget-wrap elementor-element-populated\">\n\t\t\t\t\t\t\t\t<section class=\"elementor-section elementor-inner-section elementor-element elementor-element-451a5b2 elementor-section-boxed elementor-section-height-default elementor-section-height-default\" data-id=\"451a5b2\" data-element_type=\"section\">\n\t\t\t\t\t\t<div class=\"elementor-container elementor-column-gap-default\">\n\t\t\t\t\t<div class=\"elementor-column elementor-col-100 elementor-inner-column elementor-element elementor-element-5b60cb6\" data-id=\"5b60cb6\" data-element_type=\"column\">\n\t\t\t<div class=\"elementor-widget-wrap elementor-element-populated\">\n\t\t\t\t\t\t\t\t<div class=\"elementor-element elementor-element-2b73761 elementor-widget elementor-widget-text-editor\" data-id=\"2b73761\" data-element_type=\"widget\" data-widget_type=\"text-editor.default\">\n\t\t\t\t<div class=\"elementor-widget-container\">\n\t\t\t\t\t\t\t\t<p><span style=\"font-weight: 400;\">En el Callao la aventura est\u00e1 en cada esquina, te ofrece experimentar una mezcla \u00fanica de historia y cultura que te dejar\u00e1 recuerdos inolvidables, disfruta al m\u00e1ximo tu d\u00eda lleno de experiencias y fascinantes emociones en nuestro hermoso Puerto Chalaco.<\/span><\/p>\t\t\t\t\t\t<\/div>\n\t\t\t\t<\/div>\n\t\t\t\t\t<\/div>\n\t\t<\/div>\n\t\t\t\t\t\t\t<\/div>\n\t\t<\/section>\n\t\t\t\t\t<\/div>\n\t\t<\/div>\n\t\t\t\t\t\t\t<\/div>\n\t\t<\/section>\n\t\t\t\t<section class=\"elementor-section elementor-top-section elementor-element elementor-element-4795a20 elementor-section-height-min-height animated-slow elementor-section-boxed elementor-section-height-default elementor-section-items-middle elementor-invisible\" data-id=\"4795a20\" data-element_type=\"section\" data-settings=\"{&quot;background_background&quot;:&quot;classic&quot;,&quot;animation&quot;:&quot;fadeIn&quot;}\">\n\t\t\t\t\t\t<div class=\"elementor-container elementor-column-gap-no\">\n\t\t\t\t\t<div data-ra-element-link=\"{&quot;url&quot;:&quot;https:\\\/\\\/plataforma.regioncallao.gob.pe\\\/calendario-callao\\\/visita-el-callao\\\/&quot;,&quot;is_external&quot;:&quot;&quot;,&quot;nofollow&quot;:&quot;&quot;,&quot;custom_attributes&quot;:&quot;&quot;}\" style=\"cursor: pointer\" target=\"_self\" onClick=\"window.open(&#039;https:\/\/plataforma.regioncallao.gob.pe\/calendario-callao\/visita-el-callao\/&#039;, &#039;_self&#039;)\" class=\"elementor-column elementor-col-25 elementor-top-column elementor-element elementor-element-c446b60\" data-id=\"c446b60\" data-element_type=\"column\" data-settings=\"{&quot;background_background&quot;:&quot;gradient&quot;}\">\n\t\t\t<div class=\"elementor-widget-wrap elementor-element-populated\">\n\t\t\t\t\t<div class=\"elementor-background-overlay\"><\/div>\n\t\t\t\t\t\t\t\t<div class=\"elementor-element elementor-element-6dc0d83 elementor-widget elementor-widget-image\" data-id=\"6dc0d83\" data-element_type=\"widget\" data-widget_type=\"image.default\">\n\t\t\t\t<div class=\"elementor-widget-container\">\n\t\t\t\t\t\t\t\t\t\t\t\t\t\t\t<img decoding=\"async\" src=\"https:\/\/plataforma.regioncallao.gob.pe\/calendario-callao\/wp-content\/uploads\/elementor\/thumbs\/RUTAS-A-r2ijhbz87csc0nrgb08zry8v9iizuqw5qudisft408.jpg\" title=\"RUTAS-A\" alt=\"RUTAS-A\" \/>\t\t\t\t\t\t\t\t\t\t\t\t\t\t\t<\/div>\n\t\t\t\t<\/div>\n\t\t\t\t<div class=\"elementor-element elementor-element-3f33532 elementor-widget elementor-widget-image\" data-id=\"3f33532\" data-element_type=\"widget\" data-widget_type=\"image.default\">\n\t\t\t\t<div class=\"elementor-widget-container\">\n\t\t\t\t\t\t\t\t\t\t\t\t\t\t\t<img decoding=\"async\" src=\"https:\/\/plataforma.regioncallao.gob.pe\/calendario-callao\/wp-content\/uploads\/elementor\/thumbs\/021-RUTAS-CORTAS-r26tbfrfkuusqswyohc2r9rfp062ysg312lifdyqqw.png\" title=\"021-RUTAS-CORTAS\" alt=\"021-RUTAS-CORTAS\" \/>\t\t\t\t\t\t\t\t\t\t\t\t\t\t\t<\/div>\n\t\t\t\t<\/div>\n\t\t\t\t<div class=\"elementor-element elementor-element-001444a elementor-widget elementor-widget-heading\" data-id=\"001444a\" data-element_type=\"widget\" data-widget_type=\"heading.default\">\n\t\t\t\t<div class=\"elementor-widget-container\">\n\t\t\t<h5 class=\"elementor-heading-title elementor-size-default\">VISITA EL CALLAO<\/h5>\t\t<\/div>\n\t\t\t\t<\/div>\n\t\t\t\t\t<\/div>\n\t\t<\/div>\n\t\t\t\t<div data-ra-element-link=\"{&quot;url&quot;:&quot;https:\\\/\\\/plataforma.regioncallao.gob.pe\\\/calendario-callao\\\/la-punta\\\/&quot;,&quot;is_external&quot;:&quot;&quot;,&quot;nofollow&quot;:&quot;&quot;,&quot;custom_attributes&quot;:&quot;&quot;}\" style=\"cursor: pointer\" target=\"_self\" onClick=\"window.open(&#039;https:\/\/plataforma.regioncallao.gob.pe\/calendario-callao\/la-punta\/&#039;, &#039;_self&#039;)\" class=\"elementor-column elementor-col-25 elementor-top-column elementor-element elementor-element-c0fa896\" data-id=\"c0fa896\" data-element_type=\"column\" data-settings=\"{&quot;background_background&quot;:&quot;gradient&quot;}\">\n\t\t\t<div class=\"elementor-widget-wrap elementor-element-populated\">\n\t\t\t\t\t<div class=\"elementor-background-overlay\"><\/div>\n\t\t\t\t\t\t\t\t<div class=\"elementor-element elementor-element-ac0becd elementor-widget elementor-widget-image\" data-id=\"ac0becd\" data-element_type=\"widget\" data-widget_type=\"image.default\">\n\t\t\t\t<div class=\"elementor-widget-container\">\n\t\t\t\t\t\t\t\t\t\t\t\t\t\t\t<img decoding=\"async\" src=\"https:\/\/plataforma.regioncallao.gob.pe\/calendario-callao\/wp-content\/uploads\/elementor\/thumbs\/RUTAS-D-r2iji0f151pseirycataks2upj6jevl6i7c59msvig.jpg\" title=\"RUTAS-D\" alt=\"RUTAS-D\" \/>\t\t\t\t\t\t\t\t\t\t\t\t\t\t\t<\/div>\n\t\t\t\t<\/div>\n\t\t\t\t<div class=\"elementor-element elementor-element-580d806 elementor-widget elementor-widget-image\" data-id=\"580d806\" data-element_type=\"widget\" data-widget_type=\"image.default\">\n\t\t\t\t<div class=\"elementor-widget-container\">\n\t\t\t\t\t\t\t\t\t\t\t\t\t\t\t<img decoding=\"async\" src=\"https:\/\/plataforma.regioncallao.gob.pe\/calendario-callao\/wp-content\/uploads\/elementor\/thumbs\/021-RUTAS-CORTAS-r26tbfrfkuusqswyohc2r9rfp062ysg312lifdyqqw.png\" title=\"021-RUTAS-CORTAS\" alt=\"021-RUTAS-CORTAS\" \/>\t\t\t\t\t\t\t\t\t\t\t\t\t\t\t<\/div>\n\t\t\t\t<\/div>\n\t\t\t\t<div class=\"elementor-element elementor-element-bbdb709 elementor-widget elementor-widget-heading\" data-id=\"bbdb709\" data-element_type=\"widget\" data-widget_type=\"heading.default\">\n\t\t\t\t<div class=\"elementor-widget-container\">\n\t\t\t<h5 class=\"elementor-heading-title elementor-size-default\">LA PUNTA<\/h5>\t\t<\/div>\n\t\t\t\t<\/div>\n\t\t\t\t\t<\/div>\n\t\t<\/div>\n\t\t\t\t<div data-ra-element-link=\"{&quot;url&quot;:&quot;https:\\\/\\\/plataforma.regioncallao.gob.pe\\\/calendario-callao\\\/monumental-3\\\/&quot;,&quot;is_external&quot;:&quot;&quot;,&quot;nofollow&quot;:&quot;&quot;,&quot;custom_attributes&quot;:&quot;&quot;}\" style=\"cursor: pointer\" target=\"_self\" onClick=\"window.open(&#039;https:\/\/plataforma.regioncallao.gob.pe\/calendario-callao\/monumental-3\/&#039;, &#039;_self&#039;)\" class=\"elementor-column elementor-col-25 elementor-top-column elementor-element elementor-element-d40e837\" data-id=\"d40e837\" data-element_type=\"column\" data-settings=\"{&quot;background_background&quot;:&quot;gradient&quot;}\">\n\t\t\t<div class=\"elementor-widget-wrap elementor-element-populated\">\n\t\t\t\t\t<div class=\"elementor-background-overlay\"><\/div>\n\t\t\t\t\t\t\t\t<div class=\"elementor-element elementor-element-8e0aa91 elementor-widget elementor-widget-image\" data-id=\"8e0aa91\" data-element_type=\"widget\" data-widget_type=\"image.default\">\n\t\t\t\t<div class=\"elementor-widget-container\">\n\t\t\t\t\t\t\t\t\t\t\t\t\t\t\t<img decoding=\"async\" src=\"https:\/\/plataforma.regioncallao.gob.pe\/calendario-callao\/wp-content\/uploads\/elementor\/thumbs\/RUTAS-C-r2ijhtu5t7gs591iepywlbqmju2ywzv25arqwp2mq0.jpg\" title=\"RUTAS-C\" alt=\"RUTAS-C\" \/>\t\t\t\t\t\t\t\t\t\t\t\t\t\t\t<\/div>\n\t\t\t\t<\/div>\n\t\t\t\t<div class=\"elementor-element elementor-element-1f386e8 elementor-widget elementor-widget-image\" data-id=\"1f386e8\" data-element_type=\"widget\" data-widget_type=\"image.default\">\n\t\t\t\t<div class=\"elementor-widget-container\">\n\t\t\t\t\t\t\t\t\t\t\t\t\t\t\t<img decoding=\"async\" src=\"https:\/\/plataforma.regioncallao.gob.pe\/calendario-callao\/wp-content\/uploads\/elementor\/thumbs\/021-RUTAS-CORTAS-r26tbfrfkuusqswyohc2r9rfp062ysg312lifdyqqw.png\" title=\"021-RUTAS-CORTAS\" alt=\"021-RUTAS-CORTAS\" \/>\t\t\t\t\t\t\t\t\t\t\t\t\t\t\t<\/div>\n\t\t\t\t<\/div>\n\t\t\t\t<div class=\"elementor-element elementor-element-19c1d51 elementor-widget elementor-widget-heading\" data-id=\"19c1d51\" data-element_type=\"widget\" data-widget_type=\"heading.default\">\n\t\t\t\t<div class=\"elementor-widget-container\">\n\t\t\t<h5 class=\"elementor-heading-title elementor-size-default\">MONUMENTAL<\/h5>\t\t<\/div>\n\t\t\t\t<\/div>\n\t\t\t\t\t<\/div>\n\t\t<\/div>\n\t\t\t\t<div data-ra-element-link=\"{&quot;url&quot;:&quot;https:\\\/\\\/plataforma.regioncallao.gob.pe\\\/calendario-callao\\\/real-felipe-3\\\/&quot;,&quot;is_external&quot;:&quot;&quot;,&quot;nofollow&quot;:&quot;&quot;,&quot;custom_attributes&quot;:&quot;&quot;}\" style=\"cursor: pointer\" target=\"_self\" onClick=\"window.open(&#039;https:\/\/plataforma.regioncallao.gob.pe\/calendario-callao\/real-felipe-3\/&#039;, &#039;_self&#039;)\" class=\"elementor-column elementor-col-25 elementor-top-column elementor-element elementor-element-ecadda3\" data-id=\"ecadda3\" data-element_type=\"column\" data-settings=\"{&quot;background_background&quot;:&quot;gradient&quot;}\">\n\t\t\t<div class=\"elementor-widget-wrap elementor-element-populated\">\n\t\t\t\t\t<div class=\"elementor-background-overlay\"><\/div>\n\t\t\t\t\t\t\t\t<div class=\"elementor-element elementor-element-573a16a elementor-widget elementor-widget-image\" data-id=\"573a16a\" data-element_type=\"widget\" data-widget_type=\"image.default\">\n\t\t\t\t<div class=\"elementor-widget-container\">\n\t\t\t\t\t\t\t\t\t\t\t\t\t\t\t<img decoding=\"async\" src=\"https:\/\/plataforma.regioncallao.gob.pe\/calendario-callao\/wp-content\/uploads\/elementor\/thumbs\/RUTAS-B-r2ijhmbgaj6hkdcfmmpw1dmxsr417f17g9jv2hds3s.jpg\" title=\"RUTAS-B\" alt=\"RUTAS-B\" \/>\t\t\t\t\t\t\t\t\t\t\t\t\t\t\t<\/div>\n\t\t\t\t<\/div>\n\t\t\t\t<div class=\"elementor-element elementor-element-8a557a6 elementor-widget elementor-widget-image\" data-id=\"8a557a6\" data-element_type=\"widget\" data-widget_type=\"image.default\">\n\t\t\t\t<div class=\"elementor-widget-container\">\n\t\t\t\t\t\t\t\t\t\t\t\t\t\t\t<img decoding=\"async\" src=\"https:\/\/plataforma.regioncallao.gob.pe\/calendario-callao\/wp-content\/uploads\/elementor\/thumbs\/021-RUTAS-CORTAS-r26tbfrfkuusqswyohc2r9rfp062ysg312lifdyqqw.png\" title=\"021-RUTAS-CORTAS\" alt=\"021-RUTAS-CORTAS\" \/>\t\t\t\t\t\t\t\t\t\t\t\t\t\t\t<\/div>\n\t\t\t\t<\/div>\n\t\t\t\t<div class=\"elementor-element elementor-element-6294957 elementor-widget elementor-widget-heading\" data-id=\"6294957\" data-element_type=\"widget\" data-widget_type=\"heading.default\">\n\t\t\t\t<div class=\"elementor-widget-container\">\n\t\t\t<h5 class=\"elementor-heading-title elementor-size-default\">REAL FELIPE<\/h5>\t\t<\/div>\n\t\t\t\t<\/div>\n\t\t\t\t\t<\/div>\n\t\t<\/div>\n\t\t\t\t\t\t\t<\/div>\n\t\t<\/section>\n\t\t\t\t\t\t<\/div>\n\t\t\t\t\t<\/div>\n\t\t","protected":false},"excerpt":{"rendered":"<p>Multi-purpose Template Create Your Website Lorem ipsum dolor sit amet, consectetur adipiscing elit. Ut elit tellus, luctus nec ullamcorper mattis, pulvinar dapibus leo. Services About Us Service 1 Service 2 Service 3 Amazing Things for You Always write benefits over features. Mention all the benefits or services with some real examples. Focus on how you &hellip;<\/p>\n<p class=\"read-more\"> <a class=\"\" href=\"https:\/\/websitedemos.net\/mountain\/\"> <span class=\"screen-reader-text\">Home<\/span> Read More &raquo;<\/a><\/p>\n","protected":false},"author":1,"featured_media":0,"parent":11,"menu_order":0,"comment_status":"closed","ping_status":"closed","template":"elementor_header_footer","meta":{"footnotes":""},"class_list":["post-5453","page","type-page","status-publish","hentry"],"_links":{"self":[{"href":"https:\/\/plataforma.regioncallao.gob.pe\/calendario-callao\/wp-json\/wp\/v2\/pages\/5453","targetHints":{"allow":["GET"]}}],"collection":[{"href":"https:\/\/plataforma.regioncallao.gob.pe\/calendario-callao\/wp-json\/wp\/v2\/pages"}],"about":[{"href":"https:\/\/plataforma.regioncallao.gob.pe\/calendario-callao\/wp-json\/wp\/v2\/types\/page"}],"author":[{"embeddable":true,"href":"https:\/\/plataforma.regioncallao.gob.pe\/calendario-callao\/wp-json\/wp\/v2\/users\/1"}],"replies":[{"embeddable":true,"href":"https:\/\/plataforma.regioncallao.gob.pe\/calendario-callao\/wp-json\/wp\/v2\/comments?post=5453"}],"version-history":[{"count":8,"href":"https:\/\/plataforma.regioncallao.gob.pe\/calendario-callao\/wp-json\/wp\/v2\/pages\/5453\/revisions"}],"predecessor-version":[{"id":5675,"href":"https:\/\/plataforma.regioncallao.gob.pe\/calendario-callao\/wp-json\/wp\/v2\/pages\/5453\/revisions\/5675"}],"up":[{"embeddable":true,"href":"https:\/\/plataforma.regioncallao.gob.pe\/calendario-callao\/wp-json\/wp\/v2\/pages\/11"}],"wp:attachment":[{"href":"https:\/\/plataforma.regioncallao.gob.pe\/calendario-callao\/wp-json\/wp\/v2\/media?parent=5453"}],"curies":[{"name":"wp","href":"https:\/\/api.w.org\/{rel}","templated":true}]}}