{"id":4681,"date":"2024-08-02T15:57:47","date_gmt":"2024-08-02T20:57:47","guid":{"rendered":"https:\/\/plataforma.regioncallao.gob.pe\/calendario-callao\/?page_id=4681"},"modified":"2024-08-02T16:41:55","modified_gmt":"2024-08-02T21:41:55","slug":"area-de-conservacion-regional-humedales-de-ventanilla","status":"publish","type":"page","link":"https:\/\/plataforma.regioncallao.gob.pe\/calendario-callao\/area-de-conservacion-regional-humedales-de-ventanilla\/","title":{"rendered":"\u00c1rea de Conservaci\u00f3n Regional Humedales de Ventanilla"},"content":{"rendered":"\t\t<div data-elementor-type=\"wp-page\" data-elementor-id=\"4681\" class=\"elementor elementor-4681\" data-elementor-settings=\"[]\">\n\t\t\t\t\t\t\t<div class=\"elementor-section-wrap\">\n\t\t\t\t\t\t\t<section class=\"elementor-section elementor-top-section elementor-element elementor-element-61e6b9e elementor-section-boxed elementor-section-height-default elementor-section-height-default\" data-id=\"61e6b9e\" data-element_type=\"section\">\n\t\t\t\t\t\t\t<div class=\"elementor-background-overlay\"><\/div>\n\t\t\t\t\t\t\t<div class=\"elementor-container elementor-column-gap-default\">\n\t\t\t\t\t<div class=\"elementor-column elementor-col-100 elementor-top-column elementor-element elementor-element-4bc0695\" data-id=\"4bc0695\" data-element_type=\"column\">\n\t\t\t<div class=\"elementor-widget-wrap elementor-element-populated\">\n\t\t\t\t\t\t\t\t<section class=\"elementor-section elementor-inner-section elementor-element elementor-element-ab49ab0 elementor-section-boxed elementor-section-height-default elementor-section-height-default\" data-id=\"ab49ab0\" data-element_type=\"section\">\n\t\t\t\t\t\t<div class=\"elementor-container elementor-column-gap-default\">\n\t\t\t\t\t<div class=\"elementor-column elementor-col-100 elementor-inner-column elementor-element elementor-element-d79a810\" data-id=\"d79a810\" data-element_type=\"column\">\n\t\t\t<div class=\"elementor-widget-wrap elementor-element-populated\">\n\t\t\t\t\t\t\t\t<div class=\"elementor-element elementor-element-c1474bb elementor-widget elementor-widget-heading\" data-id=\"c1474bb\" data-element_type=\"widget\" data-widget_type=\"heading.default\">\n\t\t\t\t<div class=\"elementor-widget-container\">\n\t\t\t<h2 class=\"elementor-heading-title elementor-size-default\">\u00c1rea de Conservaci\u00f3n Regional <br>Humedales de Ventanilla<\/h2>\t\t<\/div>\n\t\t\t\t<\/div>\n\t\t\t\t\t<\/div>\n\t\t<\/div>\n\t\t\t\t\t\t\t<\/div>\n\t\t<\/section>\n\t\t\t\t<div class=\"elementor-element elementor-element-b5b8402 elementor-widget elementor-widget-text-editor\" data-id=\"b5b8402\" data-element_type=\"widget\" data-widget_type=\"text-editor.default\">\n\t\t\t\t<div class=\"elementor-widget-container\">\n\t\t\t\t\t\t\t\t<p><span style=\"font-weight: 400;\">El \u00c1rea de Conservaci\u00f3n Regional Humedales de Ventanilla, ubicado al norte del Callao, Per\u00fa, fue creado el 20 de diciembre de 2006 para preservar los humedales costeros del desierto pac\u00edfico subtropical. Con 275.45 hect\u00e1reas, es h\u00e1bitat de 126 especies de aves, 5 reptiles y 27 plantas nativas. Ofrece un circuito tur\u00edstico con tres senderos principales: Sendero Junco, Sendero Aves y Sendero Acu\u00e1tico, y est\u00e1 habilitando el nuevo Sendero Cuevas debido a la importancia cultural de la zona.<\/span><\/p>\t\t\t\t\t\t<\/div>\n\t\t\t\t<\/div>\n\t\t\t\t<div class=\"elementor-element elementor-element-a7c18d4 elementor-arrows-position-inside elementor-pagination-position-outside elementor-widget elementor-widget-image-carousel\" data-id=\"a7c18d4\" data-element_type=\"widget\" data-settings=\"{&quot;slides_to_show&quot;:&quot;1&quot;,&quot;navigation&quot;:&quot;both&quot;,&quot;autoplay&quot;:&quot;yes&quot;,&quot;pause_on_hover&quot;:&quot;yes&quot;,&quot;pause_on_interaction&quot;:&quot;yes&quot;,&quot;autoplay_speed&quot;:5000,&quot;infinite&quot;:&quot;yes&quot;,&quot;effect&quot;:&quot;slide&quot;,&quot;speed&quot;:500}\" data-widget_type=\"image-carousel.default\">\n\t\t\t\t<div class=\"elementor-widget-container\">\n\t\t\t\t\t<div class=\"elementor-image-carousel-wrapper swiper-container\" dir=\"ltr\">\n\t\t\t<div class=\"elementor-image-carousel swiper-wrapper\">\n\t\t\t\t<div class=\"swiper-slide\"><figure class=\"swiper-slide-inner\"><img decoding=\"async\" class=\"swiper-slide-image\" src=\"https:\/\/plataforma.regioncallao.gob.pe\/calendario-callao\/wp-content\/uploads\/elementor\/thumbs\/MG_4955-scaled-qpiffutzyfd1t3zdegjj9ucy5lrfixhlrguub01muc.jpg\" alt=\"_MG_4955\" \/><\/figure><\/div><div class=\"swiper-slide\"><figure class=\"swiper-slide-inner\"><img decoding=\"async\" class=\"swiper-slide-image\" src=\"https:\/\/plataforma.regioncallao.gob.pe\/calendario-callao\/wp-content\/uploads\/elementor\/thumbs\/DJI_0615-scaled-qpiff6e70qflf8yvd5z8h0iypl3vyssl03w7tt1vc4.jpg\" alt=\"DJI_0615\" \/><\/figure><\/div><div class=\"swiper-slide\"><figure class=\"swiper-slide-inner\"><img decoding=\"async\" class=\"swiper-slide-image\" src=\"https:\/\/plataforma.regioncallao.gob.pe\/calendario-callao\/wp-content\/uploads\/elementor\/thumbs\/MG_4958-1-scaled-qpiffnbafr2r88aamdaipw99eishtcnr2fmygscs84.jpg\" alt=\"_MG_4958 (1)\" \/><\/figure><\/div><div class=\"swiper-slide\"><figure class=\"swiper-slide-inner\"><img decoding=\"async\" class=\"swiper-slide-image\" src=\"https:\/\/plataforma.regioncallao.gob.pe\/calendario-callao\/wp-content\/uploads\/elementor\/thumbs\/Area-de-Conservacion-Regional-Humedales-de-Ventanilla-scaled-qpiffeuqq8r6bqmkzrmvlge421y6w2q619rl5apbs4.jpg\" alt=\"\u00c1rea-de-Conservaci\u00f3n-Regional-Humedales-de-Ventanilla\" \/><\/figure><\/div><div class=\"swiper-slide\"><figure class=\"swiper-slide-inner\"><img decoding=\"async\" class=\"swiper-slide-image\" src=\"https:\/\/plataforma.regioncallao.gob.pe\/calendario-callao\/wp-content\/uploads\/elementor\/thumbs\/MG_3796-scaled-qpifg3ajnxompln31276ea83i2lqg7f6smq7mhp3ac.jpg\" alt=\"_MG_3796\" \/><\/figure><\/div><div class=\"swiper-slide\"><figure class=\"swiper-slide-inner\"><img decoding=\"async\" class=\"swiper-slide-image\" src=\"https:\/\/plataforma.regioncallao.gob.pe\/calendario-callao\/wp-content\/uploads\/elementor\/thumbs\/MG_3784-scaled-qpifgat96lyxahc5t5g6y8bs95ko5s91hny3gpdxwk.jpg\" alt=\"_MG_3784\" \/><\/figure><\/div>\t\t\t<\/div>\n\t\t\t\t\t\t\t\t\t\t\t\t<div class=\"swiper-pagination\"><\/div>\n\t\t\t\t\t\t\t\t\t\t\t\t\t<div class=\"elementor-swiper-button elementor-swiper-button-prev\">\n\t\t\t\t\t\t<i class=\"eicon-chevron-left\" aria-hidden=\"true\"><\/i>\n\t\t\t\t\t\t<span class=\"elementor-screen-only\">Previous<\/span>\n\t\t\t\t\t<\/div>\n\t\t\t\t\t<div class=\"elementor-swiper-button elementor-swiper-button-next\">\n\t\t\t\t\t\t<i class=\"eicon-chevron-right\" aria-hidden=\"true\"><\/i>\n\t\t\t\t\t\t<span class=\"elementor-screen-only\">Next<\/span>\n\t\t\t\t\t<\/div>\n\t\t\t\t\t\t\t\t\t<\/div>\n\t\t\t\t<\/div>\n\t\t\t\t<\/div>\n\t\t\t\t<section class=\"elementor-section elementor-inner-section elementor-element elementor-element-2dd0dc6 elementor-section-boxed elementor-section-height-default elementor-section-height-default\" data-id=\"2dd0dc6\" data-element_type=\"section\">\n\t\t\t\t\t\t<div class=\"elementor-container elementor-column-gap-default\">\n\t\t\t\t\t<div class=\"elementor-column elementor-col-100 elementor-inner-column elementor-element elementor-element-db4face\" data-id=\"db4face\" data-element_type=\"column\">\n\t\t\t<div class=\"elementor-widget-wrap elementor-element-populated\">\n\t\t\t\t\t\t\t\t<div class=\"elementor-element elementor-element-40b0917 elementor-widget elementor-widget-text-editor\" data-id=\"40b0917\" data-element_type=\"widget\" data-widget_type=\"text-editor.default\">\n\t\t\t\t<div class=\"elementor-widget-container\">\n\t\t\t\t\t\t\t\t<p><b>El Sendero Junco, <\/b><span style=\"font-weight: 400;\">nombrado por una planta nativa clave, destaca su uso sostenible en artesan\u00edas y su importancia ecol\u00f3gica. Ofrece vistas panor\u00e1micas desde la rotonda para observar 27 especies de plantas, diversas aves, insectos y un reptil en peligro de extinci\u00f3n que habita la zona.<\/span><\/p>\t\t\t\t\t\t<\/div>\n\t\t\t\t<\/div>\n\t\t\t\t<div class=\"elementor-element elementor-element-12a76cc elementor-widget elementor-widget-text-editor\" data-id=\"12a76cc\" data-element_type=\"widget\" data-widget_type=\"text-editor.default\">\n\t\t\t\t<div class=\"elementor-widget-container\">\n\t\t\t\t\t\t\t\t<p><b>El Sendero Aves, <\/b><span style=\"font-weight: 400;\">conocido por su diversa avifauna, alberga aves urbanas y acu\u00e1ticas como la Santa Rosita, Triguero, Pato Colorado, Junquero y el Siete Colores de la Totora. La vegetaci\u00f3n incluye plantas como Grama Dulce, Cola de Escorpi\u00f3n y Pacopa. Tambi\u00e9n se pueden ver peces en los espejos de agua y lagartijas tomando el sol en d\u00edas calurosos.<\/span><\/p>\t\t\t\t\t\t<\/div>\n\t\t\t\t<\/div>\n\t\t\t\t<div class=\"elementor-element elementor-element-5e53e8e elementor-widget elementor-widget-text-editor\" data-id=\"5e53e8e\" data-element_type=\"widget\" data-widget_type=\"text-editor.default\">\n\t\t\t\t<div class=\"elementor-widget-container\">\n\t\t\t\t\t\t\t\t<p><b>El Sendero Acu\u00e1tico, <\/b><span style=\"font-weight: 400;\">destaca la importancia del recurso h\u00eddrico en el humedal, influenciado por el r\u00edo Chill\u00f3n, el sistema marino y la filtraci\u00f3n de aguas superficiales. Este humedal act\u00faa como una albufera, con una calidad de agua mejorada por la filtraci\u00f3n natural de las especies locales. En este recorrido se observan aves como la Polla de Agua, el Totorero y el Siete Colores de la Totora.<\/span><\/p>\t\t\t\t\t\t<\/div>\n\t\t\t\t<\/div>\n\t\t\t\t<div class=\"elementor-element elementor-element-b57e9c9 elementor-widget elementor-widget-text-editor\" data-id=\"b57e9c9\" data-element_type=\"widget\" data-widget_type=\"text-editor.default\">\n\t\t\t\t<div class=\"elementor-widget-container\">\n\t\t\t\t\t\t\t\t<p><b>El Sendero Cuevas,<\/b><span style=\"font-weight: 400;\"> conecta el \u00c1rea de Conservaci\u00f3n Regional con la historia de Ventanilla, nombrada por los agujeros en las formaciones rocosas que los piratas usaban para esconder sus tesoros. El paisaje des\u00e9rtico-costero presenta acantilados con cuevas como la del pirata, el lobo y el diablo, y cerros con formas animales como el Gran Caim\u00e1n y la Tortuga. Estas formaciones, ricas en f\u00f3siles, ofrecen un futuro potencial para el turismo y la exploraci\u00f3n paleontol\u00f3gica.<\/span><\/p>\t\t\t\t\t\t<\/div>\n\t\t\t\t<\/div>\n\t\t\t\t\t<\/div>\n\t\t<\/div>\n\t\t\t\t\t\t\t<\/div>\n\t\t<\/section>\n\t\t\t\t<section class=\"elementor-section elementor-inner-section elementor-element elementor-element-deeca83 elementor-section-boxed elementor-section-height-default elementor-section-height-default\" data-id=\"deeca83\" data-element_type=\"section\">\n\t\t\t\t\t\t<div class=\"elementor-container elementor-column-gap-default\">\n\t\t\t\t\t<div class=\"elementor-column elementor-col-100 elementor-inner-column elementor-element elementor-element-2344cfe\" data-id=\"2344cfe\" data-element_type=\"column\">\n\t\t\t<div class=\"elementor-widget-wrap elementor-element-populated\">\n\t\t\t\t\t\t\t\t<div class=\"elementor-element elementor-element-7f65a13 elementor-widget elementor-widget-google_maps\" data-id=\"7f65a13\" data-element_type=\"widget\" data-widget_type=\"google_maps.default\">\n\t\t\t\t<div class=\"elementor-widget-container\">\n\t\t\t<div class=\"elementor-custom-embed\"><iframe frameborder=\"0\" scrolling=\"no\" marginheight=\"0\" marginwidth=\"0\" src=\"https:\/\/maps.google.com\/maps?q=%C3%81rea%20de%20Conservaci%C3%B3n%20Regional%20Humedales%20de%20Ventanilla&amp;t=m&amp;z=15&amp;output=embed&amp;iwloc=near\" title=\"\u00c1rea de Conservaci\u00f3n Regional Humedales de Ventanilla\" aria-label=\"\u00c1rea de Conservaci\u00f3n Regional Humedales de Ventanilla\"><\/iframe><\/div>\t\t<\/div>\n\t\t\t\t<\/div>\n\t\t\t\t\t<\/div>\n\t\t<\/div>\n\t\t\t\t\t\t\t<\/div>\n\t\t<\/section>\n\t\t\t\t\t<\/div>\n\t\t<\/div>\n\t\t\t\t\t\t\t<\/div>\n\t\t<\/section>\n\t\t\t\t<section class=\"elementor-section elementor-top-section elementor-element elementor-element-055279f elementor-section-boxed elementor-section-height-default elementor-section-height-default\" data-id=\"055279f\" data-element_type=\"section\">\n\t\t\t\t\t\t<div class=\"elementor-container elementor-column-gap-default\">\n\t\t\t\t\t<div class=\"elementor-column elementor-col-100 elementor-top-column elementor-element elementor-element-8b4df51\" data-id=\"8b4df51\" data-element_type=\"column\">\n\t\t\t<div class=\"elementor-widget-wrap elementor-element-populated\">\n\t\t\t\t\t\t\t\t<section class=\"elementor-section elementor-inner-section elementor-element elementor-element-81607c1 elementor-section-boxed elementor-section-height-default elementor-section-height-default\" data-id=\"81607c1\" data-element_type=\"section\">\n\t\t\t\t\t\t<div class=\"elementor-container elementor-column-gap-default\">\n\t\t\t\t\t<div class=\"elementor-column elementor-col-100 elementor-inner-column elementor-element elementor-element-efdf614\" data-id=\"efdf614\" data-element_type=\"column\">\n\t\t\t<div class=\"elementor-widget-wrap elementor-element-populated\">\n\t\t\t\t\t\t\t\t<div class=\"elementor-element elementor-element-effd3ba elementor-widget elementor-widget-image\" data-id=\"effd3ba\" data-element_type=\"widget\" data-widget_type=\"image.default\">\n\t\t\t\t<div class=\"elementor-widget-container\">\n\t\t\t\t\t\t\t\t\t\t\t\t\t\t\t<img loading=\"lazy\" decoding=\"async\" width=\"300\" height=\"159\" src=\"https:\/\/plataforma.regioncallao.gob.pe\/calendario-callao\/wp-content\/uploads\/2021\/06\/cropped-logo-grc-300x159.png\" class=\"attachment-medium size-medium\" alt=\"\" srcset=\"https:\/\/plataforma.regioncallao.gob.pe\/calendario-callao\/wp-content\/uploads\/2021\/06\/cropped-logo-grc-300x159.png 300w, https:\/\/plataforma.regioncallao.gob.pe\/calendario-callao\/wp-content\/uploads\/2021\/06\/cropped-logo-grc-1024x543.png 1024w, https:\/\/plataforma.regioncallao.gob.pe\/calendario-callao\/wp-content\/uploads\/2021\/06\/cropped-logo-grc-768x407.png 768w, https:\/\/plataforma.regioncallao.gob.pe\/calendario-callao\/wp-content\/uploads\/2021\/06\/cropped-logo-grc-1536x815.png 1536w, https:\/\/plataforma.regioncallao.gob.pe\/calendario-callao\/wp-content\/uploads\/2021\/06\/cropped-logo-grc-2048x1086.png 2048w\" sizes=\"auto, (max-width: 300px) 100vw, 300px\" \/>\t\t\t\t\t\t\t\t\t\t\t\t\t\t\t<\/div>\n\t\t\t\t<\/div>\n\t\t\t\t\t<\/div>\n\t\t<\/div>\n\t\t\t\t\t\t\t<\/div>\n\t\t<\/section>\n\t\t\t\t\t<\/div>\n\t\t<\/div>\n\t\t\t\t\t\t\t<\/div>\n\t\t<\/section>\n\t\t\t\t\t\t<\/div>\n\t\t\t\t\t<\/div>\n\t\t","protected":false},"excerpt":{"rendered":"<p>\u00c1rea de Conservaci\u00f3n Regional Humedales de Ventanilla El \u00c1rea de Conservaci\u00f3n Regional Humedales de Ventanilla, ubicado al norte del Callao, Per\u00fa, fue creado el 20 de diciembre de 2006 para preservar los humedales costeros del desierto pac\u00edfico subtropical. Con 275.45 hect\u00e1reas, es h\u00e1bitat de 126 especies de aves, 5 reptiles y 27 plantas nativas. Ofrece &hellip;<\/p>\n<p class=\"read-more\"> <a class=\"\" href=\"https:\/\/plataforma.regioncallao.gob.pe\/calendario-callao\/area-de-conservacion-regional-humedales-de-ventanilla\/\"> <span class=\"screen-reader-text\">\u00c1rea de Conservaci\u00f3n Regional Humedales de Ventanilla<\/span> Read More &raquo;<\/a><\/p>\n","protected":false},"author":1,"featured_media":0,"parent":0,"menu_order":0,"comment_status":"closed","ping_status":"closed","template":"","meta":{"footnotes":""},"class_list":["post-4681","page","type-page","status-publish","hentry"],"_links":{"self":[{"href":"https:\/\/plataforma.regioncallao.gob.pe\/calendario-callao\/wp-json\/wp\/v2\/pages\/4681","targetHints":{"allow":["GET"]}}],"collection":[{"href":"https:\/\/plataforma.regioncallao.gob.pe\/calendario-callao\/wp-json\/wp\/v2\/pages"}],"about":[{"href":"https:\/\/plataforma.regioncallao.gob.pe\/calendario-callao\/wp-json\/wp\/v2\/types\/page"}],"author":[{"embeddable":true,"href":"https:\/\/plataforma.regioncallao.gob.pe\/calendario-callao\/wp-json\/wp\/v2\/users\/1"}],"replies":[{"embeddable":true,"href":"https:\/\/plataforma.regioncallao.gob.pe\/calendario-callao\/wp-json\/wp\/v2\/comments?post=4681"}],"version-history":[{"count":9,"href":"https:\/\/plataforma.regioncallao.gob.pe\/calendario-callao\/wp-json\/wp\/v2\/pages\/4681\/revisions"}],"predecessor-version":[{"id":4786,"href":"https:\/\/plataforma.regioncallao.gob.pe\/calendario-callao\/wp-json\/wp\/v2\/pages\/4681\/revisions\/4786"}],"wp:attachment":[{"href":"https:\/\/plataforma.regioncallao.gob.pe\/calendario-callao\/wp-json\/wp\/v2\/media?parent=4681"}],"curies":[{"name":"wp","href":"https:\/\/api.w.org\/{rel}","templated":true}]}}