{"id":3563,"date":"2024-06-21T10:54:45","date_gmt":"2024-06-21T15:54:45","guid":{"rendered":"https:\/\/plataforma.regioncallao.gob.pe\/calendario-callao\/?page_id=3563"},"modified":"2025-03-07T10:46:50","modified_gmt":"2025-03-07T15:46:50","slug":"museos","status":"publish","type":"page","link":"https:\/\/plataforma.regioncallao.gob.pe\/calendario-callao\/home\/museos\/","title":{"rendered":"Museos"},"content":{"rendered":"\t\t<div data-elementor-type=\"wp-page\" data-elementor-id=\"3563\" class=\"elementor elementor-3563\" data-elementor-settings=\"[]\">\n\t\t\t\t\t\t\t<div class=\"elementor-section-wrap\">\n\t\t\t\t\t\t\t<section class=\"elementor-section elementor-top-section elementor-element elementor-element-e2fa705 elementor-section-height-min-height elementor-section-full_width elementor-section-content-space-evenly elementor-hidden-phone elementor-section-height-default elementor-section-items-middle\" data-id=\"e2fa705\" data-element_type=\"section\">\n\t\t\t\t\t\t<div class=\"elementor-container elementor-column-gap-no\">\n\t\t\t\t\t<div class=\"elementor-column elementor-col-100 elementor-top-column elementor-element elementor-element-a4da7cc\" data-id=\"a4da7cc\" data-element_type=\"column\">\n\t\t\t<div class=\"elementor-widget-wrap elementor-element-populated\">\n\t\t\t\t\t\t\t\t<div class=\"elementor-element elementor-element-d08ea32 elementor-widget__width-inherit elementor-arrows-position-inside elementor-pagination-position-outside elementor-widget elementor-widget-image-carousel\" data-id=\"d08ea32\" data-element_type=\"widget\" data-settings=\"{&quot;slides_to_show&quot;:&quot;1&quot;,&quot;effect&quot;:&quot;fade&quot;,&quot;navigation&quot;:&quot;both&quot;,&quot;autoplay&quot;:&quot;yes&quot;,&quot;pause_on_hover&quot;:&quot;yes&quot;,&quot;pause_on_interaction&quot;:&quot;yes&quot;,&quot;autoplay_speed&quot;:5000,&quot;infinite&quot;:&quot;yes&quot;,&quot;speed&quot;:500}\" data-widget_type=\"image-carousel.default\">\n\t\t\t\t<div class=\"elementor-widget-container\">\n\t\t\t\t\t<div class=\"elementor-image-carousel-wrapper swiper-container\" dir=\"ltr\">\n\t\t\t<div class=\"elementor-image-carousel swiper-wrapper swiper-image-stretch\">\n\t\t\t\t<div class=\"swiper-slide\"><figure class=\"swiper-slide-inner\"><img decoding=\"async\" class=\"swiper-slide-image\" src=\"https:\/\/plataforma.regioncallao.gob.pe\/calendario-callao\/wp-content\/uploads\/elementor\/thumbs\/IMG-PORTADA-3-scaled-qrvoqu8jda1x7hup9dex7cn6kjfq1ez9vcsgmbonuk.jpg\" alt=\"DCIM100MEDIADJI_0607.JPG\" \/><\/figure><\/div>\t\t\t<\/div>\n\t\t\t\t\t<\/div>\n\t\t\t\t<\/div>\n\t\t\t\t<\/div>\n\t\t\t\t\t<\/div>\n\t\t<\/div>\n\t\t\t\t\t\t\t<\/div>\n\t\t<\/section>\n\t\t\t\t<section class=\"elementor-section elementor-top-section elementor-element elementor-element-417868a elementor-section-height-min-height elementor-section-full_width elementor-section-content-space-evenly elementor-hidden-desktop elementor-hidden-tablet elementor-section-height-default elementor-section-items-middle\" data-id=\"417868a\" data-element_type=\"section\">\n\t\t\t\t\t\t<div class=\"elementor-container elementor-column-gap-no\">\n\t\t\t\t\t<div class=\"elementor-column elementor-col-100 elementor-top-column elementor-element elementor-element-5dc6bd0\" data-id=\"5dc6bd0\" data-element_type=\"column\">\n\t\t\t<div class=\"elementor-widget-wrap elementor-element-populated\">\n\t\t\t\t\t\t\t\t<div class=\"elementor-element elementor-element-9255311 elementor-widget__width-inherit elementor-arrows-position-inside elementor-pagination-position-outside elementor-widget elementor-widget-image-carousel\" data-id=\"9255311\" data-element_type=\"widget\" data-settings=\"{&quot;slides_to_show&quot;:&quot;1&quot;,&quot;effect&quot;:&quot;fade&quot;,&quot;navigation&quot;:&quot;both&quot;,&quot;autoplay&quot;:&quot;yes&quot;,&quot;pause_on_hover&quot;:&quot;yes&quot;,&quot;pause_on_interaction&quot;:&quot;yes&quot;,&quot;autoplay_speed&quot;:5000,&quot;infinite&quot;:&quot;yes&quot;,&quot;speed&quot;:500}\" data-widget_type=\"image-carousel.default\">\n\t\t\t\t<div class=\"elementor-widget-container\">\n\t\t\t\t\t<div class=\"elementor-image-carousel-wrapper swiper-container\" dir=\"ltr\">\n\t\t\t<div class=\"elementor-image-carousel swiper-wrapper swiper-image-stretch\">\n\t\t\t\t<div class=\"swiper-slide\"><figure class=\"swiper-slide-inner\"><img decoding=\"async\" class=\"swiper-slide-image\" src=\"https:\/\/plataforma.regioncallao.gob.pe\/calendario-callao\/wp-content\/uploads\/2024\/08\/museos-slider-391x260.jpg\" alt=\"museos-slider\" \/><\/figure><\/div>\t\t\t<\/div>\n\t\t\t\t\t<\/div>\n\t\t\t\t<\/div>\n\t\t\t\t<\/div>\n\t\t\t\t\t<\/div>\n\t\t<\/div>\n\t\t\t\t\t\t\t<\/div>\n\t\t<\/section>\n\t\t\t\t<section class=\"elementor-section elementor-top-section elementor-element elementor-element-0834bab elementor-section-boxed elementor-section-height-default elementor-section-height-default\" data-id=\"0834bab\" data-element_type=\"section\">\n\t\t\t\t\t\t<div class=\"elementor-container elementor-column-gap-default\">\n\t\t\t\t\t<div class=\"elementor-column elementor-col-100 elementor-top-column elementor-element elementor-element-040b883\" data-id=\"040b883\" data-element_type=\"column\">\n\t\t\t<div class=\"elementor-widget-wrap elementor-element-populated\">\n\t\t\t\t\t\t\t\t<section class=\"elementor-section elementor-inner-section elementor-element elementor-element-24fc602 elementor-section-boxed elementor-section-height-default elementor-section-height-default\" data-id=\"24fc602\" data-element_type=\"section\">\n\t\t\t\t\t\t<div class=\"elementor-container elementor-column-gap-default\">\n\t\t\t\t\t<div class=\"elementor-column elementor-col-100 elementor-inner-column elementor-element elementor-element-82ebb67\" data-id=\"82ebb67\" data-element_type=\"column\">\n\t\t\t<div class=\"elementor-widget-wrap elementor-element-populated\">\n\t\t\t\t\t\t\t\t<div class=\"elementor-element elementor-element-f643452 elementor-widget elementor-widget-text-editor\" data-id=\"f643452\" data-element_type=\"widget\" data-widget_type=\"text-editor.default\">\n\t\t\t\t<div class=\"elementor-widget-container\">\n\t\t\t\t\t\t\t\t<p><span style=\"font-weight: 400;\">Ofrece a los visitantes experiencias enriquecedoras, siendo guardianes de la identidad chalaca y catalizadores claves para la educaci\u00f3n del patrimonio cultural e hist\u00f3rico, brindando impacto positivo en el turismo, investigaci\u00f3n, fortaleciendo el orgullo nacional.<\/span><\/p>\t\t\t\t\t\t<\/div>\n\t\t\t\t<\/div>\n\t\t\t\t\t<\/div>\n\t\t<\/div>\n\t\t\t\t\t\t\t<\/div>\n\t\t<\/section>\n\t\t\t\t\t<\/div>\n\t\t<\/div>\n\t\t\t\t\t\t\t<\/div>\n\t\t<\/section>\n\t\t\t\t<section class=\"elementor-section elementor-top-section elementor-element elementor-element-4795a20 elementor-section-height-min-height animated-slow elementor-section-boxed elementor-section-height-default elementor-section-items-middle elementor-invisible\" data-id=\"4795a20\" data-element_type=\"section\" data-settings=\"{&quot;background_background&quot;:&quot;classic&quot;,&quot;animation&quot;:&quot;fadeIn&quot;}\">\n\t\t\t\t\t\t<div class=\"elementor-container elementor-column-gap-no\">\n\t\t\t\t\t<div data-ra-element-link=\"{&quot;url&quot;:&quot;https:\\\/\\\/plataforma.regioncallao.gob.pe\\\/calendario-callao\\\/museo-de-sitio-submarino-abtao\\\/&quot;,&quot;is_external&quot;:&quot;&quot;,&quot;nofollow&quot;:&quot;&quot;,&quot;custom_attributes&quot;:&quot;&quot;}\" style=\"cursor: pointer\" target=\"_self\" onClick=\"window.open(&#039;https:\/\/plataforma.regioncallao.gob.pe\/calendario-callao\/museo-de-sitio-submarino-abtao\/&#039;, &#039;_self&#039;)\" class=\"elementor-column elementor-col-33 elementor-top-column elementor-element elementor-element-6cf46dd\" data-id=\"6cf46dd\" data-element_type=\"column\" data-settings=\"{&quot;background_background&quot;:&quot;gradient&quot;}\">\n\t\t\t<div class=\"elementor-widget-wrap elementor-element-populated\">\n\t\t\t\t\t<div class=\"elementor-background-overlay\"><\/div>\n\t\t\t\t\t\t\t\t<div class=\"elementor-element elementor-element-58e710e elementor-widget elementor-widget-image\" data-id=\"58e710e\" data-element_type=\"widget\" data-widget_type=\"image.default\">\n\t\t\t\t<div class=\"elementor-widget-container\">\n\t\t\t\t\t\t\t\t\t\t\t\t\t\t\t<img decoding=\"async\" src=\"https:\/\/plataforma.regioncallao.gob.pe\/calendario-callao\/wp-content\/uploads\/elementor\/thumbs\/MG_4728-scaled-qpzrh9qvolzq24kg2cw0jbjrevpd1ids9em6rkxbig.jpg\" title=\"_MG_4728\" alt=\"_MG_4728\" \/>\t\t\t\t\t\t\t\t\t\t\t\t\t\t\t<\/div>\n\t\t\t\t<\/div>\n\t\t\t\t<div class=\"elementor-element elementor-element-5f745ed elementor-widget elementor-widget-image\" data-id=\"5f745ed\" data-element_type=\"widget\" data-widget_type=\"image.default\">\n\t\t\t\t<div class=\"elementor-widget-container\">\n\t\t\t\t\t\t\t\t\t\t\t\t\t\t\t<img decoding=\"async\" src=\"https:\/\/plataforma.regioncallao.gob.pe\/calendario-callao\/wp-content\/uploads\/elementor\/thumbs\/023-MUSEOS-r26tcejglq6eodig1ed9tizho9envla5huqh6mj6co.png\" title=\"023-MUSEOS\" alt=\"023-MUSEOS\" \/>\t\t\t\t\t\t\t\t\t\t\t\t\t\t\t<\/div>\n\t\t\t\t<\/div>\n\t\t\t\t<div class=\"elementor-element elementor-element-58128eb elementor-widget elementor-widget-heading\" data-id=\"58128eb\" data-element_type=\"widget\" data-widget_type=\"heading.default\">\n\t\t\t\t<div class=\"elementor-widget-container\">\n\t\t\t<h5 class=\"elementor-heading-title elementor-size-default\">MUSEO DE SITIO SUBMARINO ABTAO<\/h5>\t\t<\/div>\n\t\t\t\t<\/div>\n\t\t\t\t\t<\/div>\n\t\t<\/div>\n\t\t\t\t<div data-ra-element-link=\"{&quot;url&quot;:&quot;https:\\\/\\\/plataforma.regioncallao.gob.pe\\\/calendario-callao\\\/muso-del-ejercito-real-felipe\\\/&quot;,&quot;is_external&quot;:&quot;on&quot;,&quot;nofollow&quot;:&quot;&quot;,&quot;custom_attributes&quot;:&quot;&quot;}\" style=\"cursor: pointer\" target=\"_blank\" onClick=\"window.open(&#039;https:\/\/plataforma.regioncallao.gob.pe\/calendario-callao\/muso-del-ejercito-real-felipe\/&#039;, &#039;_blank&#039;)\" class=\"elementor-column elementor-col-33 elementor-top-column elementor-element elementor-element-8db8d87\" data-id=\"8db8d87\" data-element_type=\"column\" id=\"felipe\" data-settings=\"{&quot;background_background&quot;:&quot;gradient&quot;}\">\n\t\t\t<div class=\"elementor-widget-wrap elementor-element-populated\">\n\t\t\t\t\t<div class=\"elementor-background-overlay\"><\/div>\n\t\t\t\t\t\t\t\t<div class=\"elementor-element elementor-element-c05f0b1 elementor-widget elementor-widget-image\" data-id=\"c05f0b1\" data-element_type=\"widget\" data-widget_type=\"image.default\">\n\t\t\t\t<div class=\"elementor-widget-container\">\n\t\t\t\t\t\t\t\t\t\t\t\t\t\t\t<img decoding=\"async\" src=\"https:\/\/plataforma.regioncallao.gob.pe\/calendario-callao\/wp-content\/uploads\/elementor\/thumbs\/MG_7277-1-scaled-qpzrk8whbq2eto8son7hfkib4t17f076o4zjh4ift4.jpg\" title=\"_MG_7277 (1)\" alt=\"_MG_7277 (1)\" \/>\t\t\t\t\t\t\t\t\t\t\t\t\t\t\t<\/div>\n\t\t\t\t<\/div>\n\t\t\t\t<div class=\"elementor-element elementor-element-09cb408 elementor-widget elementor-widget-image\" data-id=\"09cb408\" data-element_type=\"widget\" data-widget_type=\"image.default\">\n\t\t\t\t<div class=\"elementor-widget-container\">\n\t\t\t\t\t\t\t\t\t\t\t\t\t\t\t<img loading=\"lazy\" decoding=\"async\" width=\"80\" height=\"80\" src=\"https:\/\/plataforma.regioncallao.gob.pe\/calendario-callao\/wp-content\/uploads\/2024\/06\/ICON-2.png\" class=\"attachment-large size-large\" alt=\"\" \/>\t\t\t\t\t\t\t\t\t\t\t\t\t\t\t<\/div>\n\t\t\t\t<\/div>\n\t\t\t\t<div class=\"elementor-element elementor-element-deb6a82 elementor-widget elementor-widget-heading\" data-id=\"deb6a82\" data-element_type=\"widget\" data-widget_type=\"heading.default\">\n\t\t\t\t<div class=\"elementor-widget-container\">\n\t\t\t<h5 class=\"elementor-heading-title elementor-size-default\">MUSEO DEL EJ\u00c9RCITO REAL FELIPE<\/h5>\t\t<\/div>\n\t\t\t\t<\/div>\n\t\t\t\t\t<\/div>\n\t\t<\/div>\n\t\t\t\t<div data-ra-element-link=\"{&quot;url&quot;:&quot;https:\\\/\\\/plataforma.regioncallao.gob.pe\\\/calendario-callao\\\/museo-naval-del-peru-capitan-de-navio-elias-murgia\\\/&quot;,&quot;is_external&quot;:&quot;&quot;,&quot;nofollow&quot;:&quot;&quot;,&quot;custom_attributes&quot;:&quot;&quot;}\" style=\"cursor: pointer\" target=\"_self\" onClick=\"window.open(&#039;https:\/\/plataforma.regioncallao.gob.pe\/calendario-callao\/museo-naval-del-peru-capitan-de-navio-elias-murgia\/&#039;, &#039;_self&#039;)\" class=\"elementor-column elementor-col-33 elementor-top-column elementor-element elementor-element-e376233\" data-id=\"e376233\" data-element_type=\"column\" data-settings=\"{&quot;background_background&quot;:&quot;gradient&quot;}\">\n\t\t\t<div class=\"elementor-widget-wrap elementor-element-populated\">\n\t\t\t\t\t<div class=\"elementor-background-overlay\"><\/div>\n\t\t\t\t\t\t\t\t<div class=\"elementor-element elementor-element-28c7076 elementor-widget elementor-widget-image\" data-id=\"28c7076\" data-element_type=\"widget\" data-widget_type=\"image.default\">\n\t\t\t\t<div class=\"elementor-widget-container\">\n\t\t\t\t\t\t\t\t\t\t\t\t\t\t\t<img decoding=\"async\" src=\"https:\/\/plataforma.regioncallao.gob.pe\/calendario-callao\/wp-content\/uploads\/elementor\/thumbs\/MG_6564-scaled-qpzrkweg2kykvxanvfd5nwktzftdrfsh3daoh1jlhk.jpg\" title=\"_MG_6564\" alt=\"_MG_6564\" \/>\t\t\t\t\t\t\t\t\t\t\t\t\t\t\t<\/div>\n\t\t\t\t<\/div>\n\t\t\t\t<div class=\"elementor-element elementor-element-364f19f elementor-widget elementor-widget-image\" data-id=\"364f19f\" data-element_type=\"widget\" data-widget_type=\"image.default\">\n\t\t\t\t<div class=\"elementor-widget-container\">\n\t\t\t\t\t\t\t\t\t\t\t\t\t\t\t<img decoding=\"async\" src=\"https:\/\/plataforma.regioncallao.gob.pe\/calendario-callao\/wp-content\/uploads\/elementor\/thumbs\/023-MUSEOS-r26tcejglq6eodig1ed9tizho9envla5huqh6mj6co.png\" title=\"023-MUSEOS\" alt=\"023-MUSEOS\" \/>\t\t\t\t\t\t\t\t\t\t\t\t\t\t\t<\/div>\n\t\t\t\t<\/div>\n\t\t\t\t<div class=\"elementor-element elementor-element-159f241 elementor-widget elementor-widget-heading\" data-id=\"159f241\" data-element_type=\"widget\" data-widget_type=\"heading.default\">\n\t\t\t\t<div class=\"elementor-widget-container\">\n\t\t\t<h5 class=\"elementor-heading-title elementor-size-default\">MUSEO NAVAL DEL PER\u00da CAPIT\u00c1N DE NAVIO ELIAS MURGUIA<\/h5>\t\t<\/div>\n\t\t\t\t<\/div>\n\t\t\t\t\t<\/div>\n\t\t<\/div>\n\t\t\t\t\t\t\t<\/div>\n\t\t<\/section>\n\t\t\t\t\t\t<\/div>\n\t\t\t\t\t<\/div>\n\t\t","protected":false},"excerpt":{"rendered":"<p>Multi-purpose Template Create Your Website Lorem ipsum dolor sit amet, consectetur adipiscing elit. Ut elit tellus, luctus nec ullamcorper mattis, pulvinar dapibus leo. Services About Us Service 1 Service 2 Service 3 Amazing Things for You Always write benefits over features. Mention all the benefits or services with some real examples. Focus on how you &hellip;<\/p>\n<p class=\"read-more\"> <a class=\"\" href=\"https:\/\/websitedemos.net\/mountain\/\"> <span class=\"screen-reader-text\">Home<\/span> Read More &raquo;<\/a><\/p>\n","protected":false},"author":1,"featured_media":0,"parent":11,"menu_order":0,"comment_status":"closed","ping_status":"closed","template":"elementor_header_footer","meta":{"footnotes":""},"class_list":["post-3563","page","type-page","status-publish","hentry"],"_links":{"self":[{"href":"https:\/\/plataforma.regioncallao.gob.pe\/calendario-callao\/wp-json\/wp\/v2\/pages\/3563","targetHints":{"allow":["GET"]}}],"collection":[{"href":"https:\/\/plataforma.regioncallao.gob.pe\/calendario-callao\/wp-json\/wp\/v2\/pages"}],"about":[{"href":"https:\/\/plataforma.regioncallao.gob.pe\/calendario-callao\/wp-json\/wp\/v2\/types\/page"}],"author":[{"embeddable":true,"href":"https:\/\/plataforma.regioncallao.gob.pe\/calendario-callao\/wp-json\/wp\/v2\/users\/1"}],"replies":[{"embeddable":true,"href":"https:\/\/plataforma.regioncallao.gob.pe\/calendario-callao\/wp-json\/wp\/v2\/comments?post=3563"}],"version-history":[{"count":49,"href":"https:\/\/plataforma.regioncallao.gob.pe\/calendario-callao\/wp-json\/wp\/v2\/pages\/3563\/revisions"}],"predecessor-version":[{"id":5718,"href":"https:\/\/plataforma.regioncallao.gob.pe\/calendario-callao\/wp-json\/wp\/v2\/pages\/3563\/revisions\/5718"}],"up":[{"embeddable":true,"href":"https:\/\/plataforma.regioncallao.gob.pe\/calendario-callao\/wp-json\/wp\/v2\/pages\/11"}],"wp:attachment":[{"href":"https:\/\/plataforma.regioncallao.gob.pe\/calendario-callao\/wp-json\/wp\/v2\/media?parent=3563"}],"curies":[{"name":"wp","href":"https:\/\/api.w.org\/{rel}","templated":true}]}}