{"id":3523,"date":"2024-06-21T10:40:19","date_gmt":"2024-06-21T15:40:19","guid":{"rendered":"https:\/\/plataforma.regioncallao.gob.pe\/calendario-callao\/?page_id=3523"},"modified":"2025-03-07T10:45:19","modified_gmt":"2025-03-07T15:45:19","slug":"playas","status":"publish","type":"page","link":"https:\/\/plataforma.regioncallao.gob.pe\/calendario-callao\/home\/playas\/","title":{"rendered":"Playas"},"content":{"rendered":"\t\t<div data-elementor-type=\"wp-page\" data-elementor-id=\"3523\" class=\"elementor elementor-3523\" data-elementor-settings=\"[]\">\n\t\t\t\t\t\t\t<div class=\"elementor-section-wrap\">\n\t\t\t\t\t\t\t<section class=\"elementor-section elementor-top-section elementor-element elementor-element-e2fa705 elementor-section-height-min-height elementor-section-full_width elementor-section-content-space-evenly elementor-hidden-phone elementor-section-height-default elementor-section-items-middle\" data-id=\"e2fa705\" data-element_type=\"section\">\n\t\t\t\t\t\t<div class=\"elementor-container elementor-column-gap-no\">\n\t\t\t\t\t<div class=\"elementor-column elementor-col-100 elementor-top-column elementor-element elementor-element-a4da7cc\" data-id=\"a4da7cc\" data-element_type=\"column\">\n\t\t\t<div class=\"elementor-widget-wrap elementor-element-populated\">\n\t\t\t\t\t\t\t\t<div class=\"elementor-element elementor-element-d08ea32 elementor-widget__width-inherit elementor-arrows-position-inside elementor-pagination-position-outside elementor-widget elementor-widget-image-carousel\" data-id=\"d08ea32\" data-element_type=\"widget\" data-settings=\"{&quot;slides_to_show&quot;:&quot;1&quot;,&quot;effect&quot;:&quot;fade&quot;,&quot;navigation&quot;:&quot;both&quot;,&quot;autoplay&quot;:&quot;yes&quot;,&quot;pause_on_hover&quot;:&quot;yes&quot;,&quot;pause_on_interaction&quot;:&quot;yes&quot;,&quot;autoplay_speed&quot;:5000,&quot;infinite&quot;:&quot;yes&quot;,&quot;speed&quot;:500}\" data-widget_type=\"image-carousel.default\">\n\t\t\t\t<div class=\"elementor-widget-container\">\n\t\t\t\t\t<div class=\"elementor-image-carousel-wrapper swiper-container\" dir=\"ltr\">\n\t\t\t<div class=\"elementor-image-carousel swiper-wrapper swiper-image-stretch\">\n\t\t\t\t<div class=\"swiper-slide\"><figure class=\"swiper-slide-inner\"><img decoding=\"async\" class=\"swiper-slide-image\" src=\"https:\/\/plataforma.regioncallao.gob.pe\/calendario-callao\/wp-content\/uploads\/elementor\/thumbs\/MG_6534-1-scaled-qpzr685mgz39szr7ltzqmlcyqaew9kuierzv4kdol8.jpg\" alt=\"_MG_6534 (1)\" \/><\/figure><\/div><div class=\"swiper-slide\"><figure class=\"swiper-slide-inner\"><img decoding=\"async\" class=\"swiper-slide-image\" src=\"https:\/\/plataforma.regioncallao.gob.pe\/calendario-callao\/wp-content\/uploads\/elementor\/thumbs\/IMG_4740-1-scaled-qpzr6hk0dbg513dk2y20bizko54kejvts2ipxbzqv0.jpg\" alt=\"IMG_4740 (1)\" \/><\/figure><\/div><div class=\"swiper-slide\"><figure class=\"swiper-slide-inner\"><img decoding=\"async\" class=\"swiper-slide-image\" src=\"https:\/\/plataforma.regioncallao.gob.pe\/calendario-callao\/wp-content\/uploads\/elementor\/thumbs\/BAHIA-DEL-CALLAO-1-1-qpzr1yxxiz9j8jxrghrju60twhe2ewy9hpnpwgourg.jpg\" alt=\"BAHIA DEL CALLAO (1)\" \/><\/figure><\/div><div class=\"swiper-slide\"><figure class=\"swiper-slide-inner\"><img decoding=\"async\" class=\"swiper-slide-image\" src=\"https:\/\/plataforma.regioncallao.gob.pe\/calendario-callao\/wp-content\/uploads\/elementor\/thumbs\/BAHIA-DEL-CALLAO-2-1-qpzr1y03c588wxz4lzcx9o9db3ip77uj5l08f6q8xo.jpg\" alt=\"BAHIA DEL CALLAO 2\" \/><\/figure><\/div>\t\t\t<\/div>\n\t\t\t\t\t\t\t\t\t\t\t\t<div class=\"swiper-pagination\"><\/div>\n\t\t\t\t\t\t\t\t\t\t\t\t\t<div class=\"elementor-swiper-button elementor-swiper-button-prev\">\n\t\t\t\t\t\t<i class=\"eicon-chevron-left\" aria-hidden=\"true\"><\/i>\n\t\t\t\t\t\t<span class=\"elementor-screen-only\">Previous<\/span>\n\t\t\t\t\t<\/div>\n\t\t\t\t\t<div class=\"elementor-swiper-button elementor-swiper-button-next\">\n\t\t\t\t\t\t<i class=\"eicon-chevron-right\" aria-hidden=\"true\"><\/i>\n\t\t\t\t\t\t<span class=\"elementor-screen-only\">Next<\/span>\n\t\t\t\t\t<\/div>\n\t\t\t\t\t\t\t\t\t<\/div>\n\t\t\t\t<\/div>\n\t\t\t\t<\/div>\n\t\t\t\t\t<\/div>\n\t\t<\/div>\n\t\t\t\t\t\t\t<\/div>\n\t\t<\/section>\n\t\t\t\t<section class=\"elementor-section elementor-top-section elementor-element elementor-element-417868a elementor-section-height-min-height elementor-section-full_width elementor-section-content-space-evenly elementor-hidden-desktop elementor-hidden-tablet elementor-section-height-default elementor-section-items-middle\" data-id=\"417868a\" data-element_type=\"section\">\n\t\t\t\t\t\t<div class=\"elementor-container elementor-column-gap-no\">\n\t\t\t\t\t<div class=\"elementor-column elementor-col-100 elementor-top-column elementor-element elementor-element-5dc6bd0\" data-id=\"5dc6bd0\" data-element_type=\"column\">\n\t\t\t<div class=\"elementor-widget-wrap elementor-element-populated\">\n\t\t\t\t\t\t\t\t<div class=\"elementor-element elementor-element-9255311 elementor-widget__width-inherit elementor-arrows-position-inside elementor-pagination-position-outside elementor-widget elementor-widget-image-carousel\" data-id=\"9255311\" data-element_type=\"widget\" data-settings=\"{&quot;slides_to_show&quot;:&quot;1&quot;,&quot;effect&quot;:&quot;fade&quot;,&quot;navigation&quot;:&quot;both&quot;,&quot;autoplay&quot;:&quot;yes&quot;,&quot;pause_on_hover&quot;:&quot;yes&quot;,&quot;pause_on_interaction&quot;:&quot;yes&quot;,&quot;autoplay_speed&quot;:5000,&quot;infinite&quot;:&quot;yes&quot;,&quot;speed&quot;:500}\" data-widget_type=\"image-carousel.default\">\n\t\t\t\t<div class=\"elementor-widget-container\">\n\t\t\t\t\t<div class=\"elementor-image-carousel-wrapper swiper-container\" dir=\"ltr\">\n\t\t\t<div class=\"elementor-image-carousel swiper-wrapper swiper-image-stretch\">\n\t\t\t\t<div class=\"swiper-slide\"><figure class=\"swiper-slide-inner\"><img decoding=\"async\" class=\"swiper-slide-image\" src=\"https:\/\/plataforma.regioncallao.gob.pe\/calendario-callao\/wp-content\/uploads\/2024\/08\/playas-slider-391x260.jpg\" alt=\"playas-slider\" \/><\/figure><\/div><div class=\"swiper-slide\"><figure class=\"swiper-slide-inner\"><img decoding=\"async\" class=\"swiper-slide-image\" src=\"https:\/\/plataforma.regioncallao.gob.pe\/calendario-callao\/wp-content\/uploads\/2024\/08\/Playa-Cantolao-2-edit-1-391x260.jpg\" alt=\"Playa-Cantolao-2-edit (1)\" \/><\/figure><\/div><div class=\"swiper-slide\"><figure class=\"swiper-slide-inner\"><img decoding=\"async\" class=\"swiper-slide-image\" src=\"https:\/\/plataforma.regioncallao.gob.pe\/calendario-callao\/wp-content\/uploads\/2024\/06\/IMG_4740-1-391x260.jpg\" alt=\"IMG_4740 (1)\" \/><\/figure><\/div>\t\t\t<\/div>\n\t\t\t\t\t\t\t\t\t\t\t\t<div class=\"swiper-pagination\"><\/div>\n\t\t\t\t\t\t\t\t\t\t\t\t\t<div class=\"elementor-swiper-button elementor-swiper-button-prev\">\n\t\t\t\t\t\t<i class=\"eicon-chevron-left\" aria-hidden=\"true\"><\/i>\n\t\t\t\t\t\t<span class=\"elementor-screen-only\">Previous<\/span>\n\t\t\t\t\t<\/div>\n\t\t\t\t\t<div class=\"elementor-swiper-button elementor-swiper-button-next\">\n\t\t\t\t\t\t<i class=\"eicon-chevron-right\" aria-hidden=\"true\"><\/i>\n\t\t\t\t\t\t<span class=\"elementor-screen-only\">Next<\/span>\n\t\t\t\t\t<\/div>\n\t\t\t\t\t\t\t\t\t<\/div>\n\t\t\t\t<\/div>\n\t\t\t\t<\/div>\n\t\t\t\t\t<\/div>\n\t\t<\/div>\n\t\t\t\t\t\t\t<\/div>\n\t\t<\/section>\n\t\t\t\t<section class=\"elementor-section elementor-top-section elementor-element elementor-element-1b3ae16 elementor-section-boxed elementor-section-height-default elementor-section-height-default\" data-id=\"1b3ae16\" data-element_type=\"section\">\n\t\t\t\t\t\t<div class=\"elementor-container elementor-column-gap-default\">\n\t\t\t\t\t<div class=\"elementor-column elementor-col-100 elementor-top-column elementor-element elementor-element-c71b66e\" data-id=\"c71b66e\" data-element_type=\"column\">\n\t\t\t<div class=\"elementor-widget-wrap elementor-element-populated\">\n\t\t\t\t\t\t\t\t<section class=\"elementor-section elementor-inner-section elementor-element elementor-element-1d48018 elementor-section-boxed elementor-section-height-default elementor-section-height-default\" data-id=\"1d48018\" data-element_type=\"section\">\n\t\t\t\t\t\t<div class=\"elementor-container elementor-column-gap-default\">\n\t\t\t\t\t<div class=\"elementor-column elementor-col-100 elementor-inner-column elementor-element elementor-element-44c8555\" data-id=\"44c8555\" data-element_type=\"column\">\n\t\t\t<div class=\"elementor-widget-wrap elementor-element-populated\">\n\t\t\t\t\t\t\t\t<div class=\"elementor-element elementor-element-f563101 elementor-widget elementor-widget-text-editor\" data-id=\"f563101\" data-element_type=\"widget\" data-widget_type=\"text-editor.default\">\n\t\t\t\t<div class=\"elementor-widget-container\">\n\t\t\t\t\t\t\t\t<p><span style=\"font-weight: 400;\">Son un elemento clave en la promoci\u00f3n tur\u00edstica del Callao, se centra en la combinaci\u00f3n de actividades acu\u00e1ticas, relajaci\u00f3n y paseos a la orilla del mar, ofreciendo atractivos de recurso natural valiosos siendo un motor importante para el desarrollo econ\u00f3mico.<\/span><\/p>\t\t\t\t\t\t<\/div>\n\t\t\t\t<\/div>\n\t\t\t\t\t<\/div>\n\t\t<\/div>\n\t\t\t\t\t\t\t<\/div>\n\t\t<\/section>\n\t\t\t\t\t<\/div>\n\t\t<\/div>\n\t\t\t\t\t\t\t<\/div>\n\t\t<\/section>\n\t\t\t\t<section class=\"elementor-section elementor-top-section elementor-element elementor-element-4795a20 elementor-section-height-min-height animated-slow elementor-section-boxed elementor-section-height-default elementor-section-items-middle elementor-invisible\" data-id=\"4795a20\" data-element_type=\"section\" data-settings=\"{&quot;background_background&quot;:&quot;classic&quot;,&quot;animation&quot;:&quot;fadeIn&quot;}\">\n\t\t\t\t\t\t<div class=\"elementor-container elementor-column-gap-no\">\n\t\t\t\t\t<div data-ra-element-link=\"{&quot;url&quot;:&quot;https:\\\/\\\/plataforma.regioncallao.gob.pe\\\/calendario-callao\\\/bahia-del-callao\\\/&quot;,&quot;is_external&quot;:&quot;&quot;,&quot;nofollow&quot;:&quot;&quot;,&quot;custom_attributes&quot;:&quot;&quot;}\" style=\"cursor: pointer\" target=\"_self\" onClick=\"window.open(&#039;https:\/\/plataforma.regioncallao.gob.pe\/calendario-callao\/bahia-del-callao\/&#039;, &#039;_self&#039;)\" class=\"elementor-column elementor-col-50 elementor-top-column elementor-element elementor-element-6cf46dd\" data-id=\"6cf46dd\" data-element_type=\"column\" data-settings=\"{&quot;background_background&quot;:&quot;gradient&quot;}\">\n\t\t\t<div class=\"elementor-widget-wrap elementor-element-populated\">\n\t\t\t\t\t<div class=\"elementor-background-overlay\"><\/div>\n\t\t\t\t\t\t\t\t<div class=\"elementor-element elementor-element-58e710e elementor-widget elementor-widget-image\" data-id=\"58e710e\" data-element_type=\"widget\" data-widget_type=\"image.default\">\n\t\t\t\t<div class=\"elementor-widget-container\">\n\t\t\t\t\t\t\t\t\t\t\t\t\t\t\t<img decoding=\"async\" src=\"https:\/\/plataforma.regioncallao.gob.pe\/calendario-callao\/wp-content\/uploads\/elementor\/thumbs\/BAHIA-DEL-CALLAO-1-qpzqy01zkvm41wk2l11cf6ll0ioh8vvvm15uldhv2g.jpg\" title=\"BAHIA DEL CALLAO (1)\" alt=\"BAHIA DEL CALLAO (1)\" \/>\t\t\t\t\t\t\t\t\t\t\t\t\t\t\t<\/div>\n\t\t\t\t<\/div>\n\t\t\t\t<div class=\"elementor-element elementor-element-5f745ed elementor-widget elementor-widget-image\" data-id=\"5f745ed\" data-element_type=\"widget\" data-widget_type=\"image.default\">\n\t\t\t\t<div class=\"elementor-widget-container\">\n\t\t\t\t\t\t\t\t\t\t\t\t\t\t\t<img decoding=\"async\" src=\"https:\/\/plataforma.regioncallao.gob.pe\/calendario-callao\/wp-content\/uploads\/elementor\/thumbs\/022-PLAYAS-r26tbwoizvhyjs8dxond05hqdxuotcb93ec92d9nmw.png\" title=\"022-PLAYAS\" alt=\"022-PLAYAS\" \/>\t\t\t\t\t\t\t\t\t\t\t\t\t\t\t<\/div>\n\t\t\t\t<\/div>\n\t\t\t\t<div class=\"elementor-element elementor-element-58128eb elementor-widget elementor-widget-heading\" data-id=\"58128eb\" data-element_type=\"widget\" data-widget_type=\"heading.default\">\n\t\t\t\t<div class=\"elementor-widget-container\">\n\t\t\t<h5 class=\"elementor-heading-title elementor-size-default\">BAH\u00cdA DEL CALLAO<\/h5>\t\t<\/div>\n\t\t\t\t<\/div>\n\t\t\t\t\t<\/div>\n\t\t<\/div>\n\t\t\t\t<div data-ra-element-link=\"{&quot;url&quot;:&quot;https:\\\/\\\/plataforma.regioncallao.gob.pe\\\/calendario-callao\\\/playa-cantolao\\\/&quot;,&quot;is_external&quot;:&quot;&quot;,&quot;nofollow&quot;:&quot;&quot;,&quot;custom_attributes&quot;:&quot;&quot;}\" style=\"cursor: pointer\" target=\"_self\" onClick=\"window.open(&#039;https:\/\/plataforma.regioncallao.gob.pe\/calendario-callao\/playa-cantolao\/&#039;, &#039;_self&#039;)\" class=\"elementor-column elementor-col-50 elementor-top-column elementor-element elementor-element-8db8d87\" data-id=\"8db8d87\" data-element_type=\"column\" data-settings=\"{&quot;background_background&quot;:&quot;gradient&quot;}\">\n\t\t\t<div class=\"elementor-widget-wrap elementor-element-populated\">\n\t\t\t\t\t<div class=\"elementor-background-overlay\"><\/div>\n\t\t\t\t\t\t\t\t<div class=\"elementor-element elementor-element-c05f0b1 elementor-widget elementor-widget-image\" data-id=\"c05f0b1\" data-element_type=\"widget\" data-widget_type=\"image.default\">\n\t\t\t\t<div class=\"elementor-widget-container\">\n\t\t\t\t\t\t\t\t\t\t\t\t\t\t\t<img decoding=\"async\" src=\"https:\/\/plataforma.regioncallao.gob.pe\/calendario-callao\/wp-content\/uploads\/elementor\/thumbs\/Playa-Cantolao-3-edit-scaled-qpzr02b8ksfrj3k7jf4ve5uzxyih4z2o88p7i8frew.jpg\" title=\"Playa-Cantolao-3-edit\" alt=\"Playa-Cantolao-3-edit\" \/>\t\t\t\t\t\t\t\t\t\t\t\t\t\t\t<\/div>\n\t\t\t\t<\/div>\n\t\t\t\t<div class=\"elementor-element elementor-element-09cb408 elementor-widget elementor-widget-image\" data-id=\"09cb408\" data-element_type=\"widget\" data-widget_type=\"image.default\">\n\t\t\t\t<div class=\"elementor-widget-container\">\n\t\t\t\t\t\t\t\t\t\t\t\t\t\t\t<img decoding=\"async\" src=\"https:\/\/plataforma.regioncallao.gob.pe\/calendario-callao\/wp-content\/uploads\/elementor\/thumbs\/022-PLAYAS-r26tbwoizvhyjs8dxond05hqdxuotcb93ec92d9nmw.png\" title=\"022-PLAYAS\" alt=\"022-PLAYAS\" \/>\t\t\t\t\t\t\t\t\t\t\t\t\t\t\t<\/div>\n\t\t\t\t<\/div>\n\t\t\t\t<div class=\"elementor-element elementor-element-deb6a82 elementor-widget elementor-widget-heading\" data-id=\"deb6a82\" data-element_type=\"widget\" data-widget_type=\"heading.default\">\n\t\t\t\t<div class=\"elementor-widget-container\">\n\t\t\t<h5 class=\"elementor-heading-title elementor-size-default\">PLAYA CANTOLAO<\/h5>\t\t<\/div>\n\t\t\t\t<\/div>\n\t\t\t\t\t<\/div>\n\t\t<\/div>\n\t\t\t\t\t\t\t<\/div>\n\t\t<\/section>\n\t\t\t\t\t\t<\/div>\n\t\t\t\t\t<\/div>\n\t\t","protected":false},"excerpt":{"rendered":"<p>Multi-purpose Template Create Your Website Lorem ipsum dolor sit amet, consectetur adipiscing elit. Ut elit tellus, luctus nec ullamcorper mattis, pulvinar dapibus leo. Services About Us Service 1 Service 2 Service 3 Amazing Things for You Always write benefits over features. Mention all the benefits or services with some real examples. Focus on how you &hellip;<\/p>\n<p class=\"read-more\"> <a class=\"\" href=\"https:\/\/websitedemos.net\/mountain\/\"> <span class=\"screen-reader-text\">Home<\/span> Read More &raquo;<\/a><\/p>\n","protected":false},"author":1,"featured_media":0,"parent":11,"menu_order":0,"comment_status":"closed","ping_status":"closed","template":"elementor_header_footer","meta":{"footnotes":""},"class_list":["post-3523","page","type-page","status-publish","hentry"],"_links":{"self":[{"href":"https:\/\/plataforma.regioncallao.gob.pe\/calendario-callao\/wp-json\/wp\/v2\/pages\/3523","targetHints":{"allow":["GET"]}}],"collection":[{"href":"https:\/\/plataforma.regioncallao.gob.pe\/calendario-callao\/wp-json\/wp\/v2\/pages"}],"about":[{"href":"https:\/\/plataforma.regioncallao.gob.pe\/calendario-callao\/wp-json\/wp\/v2\/types\/page"}],"author":[{"embeddable":true,"href":"https:\/\/plataforma.regioncallao.gob.pe\/calendario-callao\/wp-json\/wp\/v2\/users\/1"}],"replies":[{"embeddable":true,"href":"https:\/\/plataforma.regioncallao.gob.pe\/calendario-callao\/wp-json\/wp\/v2\/comments?post=3523"}],"version-history":[{"count":28,"href":"https:\/\/plataforma.regioncallao.gob.pe\/calendario-callao\/wp-json\/wp\/v2\/pages\/3523\/revisions"}],"predecessor-version":[{"id":5715,"href":"https:\/\/plataforma.regioncallao.gob.pe\/calendario-callao\/wp-json\/wp\/v2\/pages\/3523\/revisions\/5715"}],"up":[{"embeddable":true,"href":"https:\/\/plataforma.regioncallao.gob.pe\/calendario-callao\/wp-json\/wp\/v2\/pages\/11"}],"wp:attachment":[{"href":"https:\/\/plataforma.regioncallao.gob.pe\/calendario-callao\/wp-json\/wp\/v2\/media?parent=3523"}],"curies":[{"name":"wp","href":"https:\/\/api.w.org\/{rel}","templated":true}]}}