{"id":3457,"date":"2024-06-19T10:19:40","date_gmt":"2024-06-19T15:19:40","guid":{"rendered":"https:\/\/plataforma.regioncallao.gob.pe\/calendario-callao\/?page_id=3457"},"modified":"2025-03-07T10:43:38","modified_gmt":"2025-03-07T15:43:38","slug":"aventuras","status":"publish","type":"page","link":"https:\/\/plataforma.regioncallao.gob.pe\/calendario-callao\/home\/aventuras\/","title":{"rendered":"Aventuras"},"content":{"rendered":"\t\t<div data-elementor-type=\"wp-page\" data-elementor-id=\"3457\" class=\"elementor elementor-3457\" data-elementor-settings=\"[]\">\n\t\t\t\t\t\t\t<div class=\"elementor-section-wrap\">\n\t\t\t\t\t\t\t<section class=\"elementor-section elementor-top-section elementor-element elementor-element-e2fa705 elementor-section-height-min-height elementor-section-full_width elementor-section-content-space-evenly elementor-hidden-phone elementor-section-height-default elementor-section-items-middle\" data-id=\"e2fa705\" data-element_type=\"section\">\n\t\t\t\t\t\t<div class=\"elementor-container elementor-column-gap-no\">\n\t\t\t\t\t<div class=\"elementor-column elementor-col-100 elementor-top-column elementor-element elementor-element-a4da7cc\" data-id=\"a4da7cc\" data-element_type=\"column\">\n\t\t\t<div class=\"elementor-widget-wrap elementor-element-populated\">\n\t\t\t\t\t\t\t\t<div class=\"elementor-element elementor-element-d08ea32 elementor-widget__width-inherit elementor-arrows-position-inside elementor-pagination-position-outside elementor-widget elementor-widget-image-carousel\" data-id=\"d08ea32\" data-element_type=\"widget\" data-settings=\"{&quot;slides_to_show&quot;:&quot;1&quot;,&quot;effect&quot;:&quot;fade&quot;,&quot;navigation&quot;:&quot;both&quot;,&quot;autoplay&quot;:&quot;yes&quot;,&quot;pause_on_hover&quot;:&quot;yes&quot;,&quot;pause_on_interaction&quot;:&quot;yes&quot;,&quot;autoplay_speed&quot;:5000,&quot;infinite&quot;:&quot;yes&quot;,&quot;speed&quot;:500}\" data-widget_type=\"image-carousel.default\">\n\t\t\t\t<div class=\"elementor-widget-container\">\n\t\t\t\t\t<div class=\"elementor-image-carousel-wrapper swiper-container\" dir=\"ltr\">\n\t\t\t<div class=\"elementor-image-carousel swiper-wrapper swiper-image-stretch\">\n\t\t\t\t<div class=\"swiper-slide\"><figure class=\"swiper-slide-inner\"><img decoding=\"async\" class=\"swiper-slide-image\" src=\"https:\/\/plataforma.regioncallao.gob.pe\/calendario-callao\/wp-content\/uploads\/elementor\/thumbs\/6-qr7ooymgwsg8sovjqoomft7cb8cmn4ssjjwpi8oi4c.jpg\" alt=\"6\" \/><\/figure><\/div><div class=\"swiper-slide\"><figure class=\"swiper-slide-inner\"><img decoding=\"async\" class=\"swiper-slide-image\" src=\"https:\/\/plataforma.regioncallao.gob.pe\/calendario-callao\/wp-content\/uploads\/elementor\/thumbs\/1-1-qr7ooszfrs8iv13qnm8v0umkqx4fcy6eirzsmkwv5o.jpg\" alt=\"1 (1)\" \/><\/figure><\/div><div class=\"swiper-slide\"><figure class=\"swiper-slide-inner\"><img decoding=\"async\" class=\"swiper-slide-image\" src=\"https:\/\/plataforma.regioncallao.gob.pe\/calendario-callao\/wp-content\/uploads\/elementor\/thumbs\/5-qr7ooxompyeyh2www69zvbfvpuh9ffp27f980ypwak.jpg\" alt=\"5\" \/><\/figure><\/div><div class=\"swiper-slide\"><figure class=\"swiper-slide-inner\"><img decoding=\"async\" class=\"swiper-slide-image\" src=\"https:\/\/plataforma.regioncallao.gob.pe\/calendario-callao\/wp-content\/uploads\/elementor\/thumbs\/3-qr7oouv45gb3i910cn245u5hxov5scdv71arl4u2t8.jpg\" alt=\"3\" \/><\/figure><\/div><div class=\"swiper-slide\"><figure class=\"swiper-slide-inner\"><img decoding=\"async\" class=\"swiper-slide-image\" src=\"https:\/\/plataforma.regioncallao.gob.pe\/calendario-callao\/wp-content\/uploads\/elementor\/thumbs\/2-qr7ootx9ym9t6n2di4nhlce1cazskna4uwna3uvgzg.jpg\" alt=\"2\" \/><\/figure><\/div><div class=\"swiper-slide\"><figure class=\"swiper-slide-inner\"><img decoding=\"async\" class=\"swiper-slide-image\" src=\"https:\/\/plataforma.regioncallao.gob.pe\/calendario-callao\/wp-content\/uploads\/elementor\/thumbs\/4-qr7oowqsj4do5gya1nvdatof4glw7qlbvalqjorags.jpg\" alt=\"4\" \/><\/figure><\/div>\t\t\t<\/div>\n\t\t\t\t\t\t\t\t\t\t\t\t<div class=\"swiper-pagination\"><\/div>\n\t\t\t\t\t\t\t\t\t\t\t\t\t<div class=\"elementor-swiper-button elementor-swiper-button-prev\">\n\t\t\t\t\t\t<i class=\"eicon-chevron-left\" aria-hidden=\"true\"><\/i>\n\t\t\t\t\t\t<span class=\"elementor-screen-only\">Previous<\/span>\n\t\t\t\t\t<\/div>\n\t\t\t\t\t<div class=\"elementor-swiper-button elementor-swiper-button-next\">\n\t\t\t\t\t\t<i class=\"eicon-chevron-right\" aria-hidden=\"true\"><\/i>\n\t\t\t\t\t\t<span class=\"elementor-screen-only\">Next<\/span>\n\t\t\t\t\t<\/div>\n\t\t\t\t\t\t\t\t\t<\/div>\n\t\t\t\t<\/div>\n\t\t\t\t<\/div>\n\t\t\t\t\t<\/div>\n\t\t<\/div>\n\t\t\t\t\t\t\t<\/div>\n\t\t<\/section>\n\t\t\t\t<section class=\"elementor-section elementor-top-section elementor-element elementor-element-417868a elementor-section-height-min-height elementor-section-full_width elementor-section-content-space-evenly elementor-hidden-desktop elementor-hidden-tablet elementor-section-height-default elementor-section-items-middle\" data-id=\"417868a\" data-element_type=\"section\">\n\t\t\t\t\t\t<div class=\"elementor-container elementor-column-gap-no\">\n\t\t\t\t\t<div class=\"elementor-column elementor-col-100 elementor-top-column elementor-element elementor-element-5dc6bd0\" data-id=\"5dc6bd0\" data-element_type=\"column\">\n\t\t\t<div class=\"elementor-widget-wrap elementor-element-populated\">\n\t\t\t\t\t\t\t\t<div class=\"elementor-element elementor-element-9255311 elementor-widget__width-inherit elementor-arrows-position-inside elementor-pagination-position-outside elementor-widget elementor-widget-image-carousel\" data-id=\"9255311\" data-element_type=\"widget\" data-settings=\"{&quot;slides_to_show&quot;:&quot;1&quot;,&quot;effect&quot;:&quot;fade&quot;,&quot;navigation&quot;:&quot;both&quot;,&quot;autoplay&quot;:&quot;yes&quot;,&quot;pause_on_hover&quot;:&quot;yes&quot;,&quot;pause_on_interaction&quot;:&quot;yes&quot;,&quot;autoplay_speed&quot;:5000,&quot;infinite&quot;:&quot;yes&quot;,&quot;speed&quot;:500}\" data-widget_type=\"image-carousel.default\">\n\t\t\t\t<div class=\"elementor-widget-container\">\n\t\t\t\t\t<div class=\"elementor-image-carousel-wrapper swiper-container\" dir=\"ltr\">\n\t\t\t<div class=\"elementor-image-carousel swiper-wrapper swiper-image-stretch\">\n\t\t\t\t<div class=\"swiper-slide\"><figure class=\"swiper-slide-inner\"><img decoding=\"async\" class=\"swiper-slide-image\" src=\"https:\/\/plataforma.regioncallao.gob.pe\/calendario-callao\/wp-content\/uploads\/2024\/08\/slider-aventura-391x260.jpg\" alt=\"slider-aventura\" \/><\/figure><\/div><div class=\"swiper-slide\"><figure class=\"swiper-slide-inner\"><img decoding=\"async\" class=\"swiper-slide-image\" src=\"https:\/\/plataforma.regioncallao.gob.pe\/calendario-callao\/wp-content\/uploads\/2024\/07\/1-1-391x260.jpg\" alt=\"1 (1)\" \/><\/figure><\/div><div class=\"swiper-slide\"><figure class=\"swiper-slide-inner\"><img decoding=\"async\" class=\"swiper-slide-image\" src=\"https:\/\/plataforma.regioncallao.gob.pe\/calendario-callao\/wp-content\/uploads\/2024\/07\/5-391x260.jpg\" alt=\"5\" \/><\/figure><\/div><div class=\"swiper-slide\"><figure class=\"swiper-slide-inner\"><img decoding=\"async\" class=\"swiper-slide-image\" src=\"https:\/\/plataforma.regioncallao.gob.pe\/calendario-callao\/wp-content\/uploads\/2024\/07\/3-391x260.jpg\" alt=\"3\" \/><\/figure><\/div><div class=\"swiper-slide\"><figure class=\"swiper-slide-inner\"><img decoding=\"async\" class=\"swiper-slide-image\" src=\"https:\/\/plataforma.regioncallao.gob.pe\/calendario-callao\/wp-content\/uploads\/2024\/07\/4-391x260.jpg\" alt=\"4\" \/><\/figure><\/div><div class=\"swiper-slide\"><figure class=\"swiper-slide-inner\"><img decoding=\"async\" class=\"swiper-slide-image\" src=\"https:\/\/plataforma.regioncallao.gob.pe\/calendario-callao\/wp-content\/uploads\/2024\/07\/2-391x260.jpg\" alt=\"2\" \/><\/figure><\/div>\t\t\t<\/div>\n\t\t\t\t\t\t\t\t\t\t\t\t<div class=\"swiper-pagination\"><\/div>\n\t\t\t\t\t\t\t\t\t\t\t\t\t<div class=\"elementor-swiper-button elementor-swiper-button-prev\">\n\t\t\t\t\t\t<i class=\"eicon-chevron-left\" aria-hidden=\"true\"><\/i>\n\t\t\t\t\t\t<span class=\"elementor-screen-only\">Previous<\/span>\n\t\t\t\t\t<\/div>\n\t\t\t\t\t<div class=\"elementor-swiper-button elementor-swiper-button-next\">\n\t\t\t\t\t\t<i class=\"eicon-chevron-right\" aria-hidden=\"true\"><\/i>\n\t\t\t\t\t\t<span class=\"elementor-screen-only\">Next<\/span>\n\t\t\t\t\t<\/div>\n\t\t\t\t\t\t\t\t\t<\/div>\n\t\t\t\t<\/div>\n\t\t\t\t<\/div>\n\t\t\t\t\t<\/div>\n\t\t<\/div>\n\t\t\t\t\t\t\t<\/div>\n\t\t<\/section>\n\t\t\t\t<section class=\"elementor-section elementor-top-section elementor-element elementor-element-1675041 elementor-section-boxed elementor-section-height-default elementor-section-height-default\" data-id=\"1675041\" data-element_type=\"section\">\n\t\t\t\t\t\t<div class=\"elementor-container elementor-column-gap-default\">\n\t\t\t\t\t<div class=\"elementor-column elementor-col-100 elementor-top-column elementor-element elementor-element-c5643aa\" data-id=\"c5643aa\" data-element_type=\"column\">\n\t\t\t<div class=\"elementor-widget-wrap elementor-element-populated\">\n\t\t\t\t\t\t\t\t<section class=\"elementor-section elementor-inner-section elementor-element elementor-element-451a5b2 elementor-section-boxed elementor-section-height-default elementor-section-height-default\" data-id=\"451a5b2\" data-element_type=\"section\">\n\t\t\t\t\t\t<div class=\"elementor-container elementor-column-gap-default\">\n\t\t\t\t\t<div class=\"elementor-column elementor-col-100 elementor-inner-column elementor-element elementor-element-5b60cb6\" data-id=\"5b60cb6\" data-element_type=\"column\">\n\t\t\t<div class=\"elementor-widget-wrap elementor-element-populated\">\n\t\t\t\t\t\t\t\t<div class=\"elementor-element elementor-element-2b73761 elementor-widget elementor-widget-text-editor\" data-id=\"2b73761\" data-element_type=\"widget\" data-widget_type=\"text-editor.default\">\n\t\t\t\t<div class=\"elementor-widget-container\">\n\t\t\t\t\t\t\t\t<p><span style=\"font-weight: 400;\">En el Callao la aventura est\u00e1 en cada esquina, te ofrece experimentar una mezcla \u00fanica de historia y cultura que te dejar\u00e1 recuerdos inolvidables, disfruta al m\u00e1ximo tu d\u00eda lleno de experiencias y fascinantes emociones en nuestro hermoso Puerto Chalaco.<\/span><\/p>\t\t\t\t\t\t<\/div>\n\t\t\t\t<\/div>\n\t\t\t\t\t<\/div>\n\t\t<\/div>\n\t\t\t\t\t\t\t<\/div>\n\t\t<\/section>\n\t\t\t\t\t<\/div>\n\t\t<\/div>\n\t\t\t\t\t\t\t<\/div>\n\t\t<\/section>\n\t\t\t\t<section class=\"elementor-section elementor-top-section elementor-element elementor-element-4795a20 elementor-section-height-min-height animated-slow elementor-section-boxed elementor-section-height-default elementor-section-items-middle elementor-invisible\" data-id=\"4795a20\" data-element_type=\"section\" data-settings=\"{&quot;background_background&quot;:&quot;classic&quot;,&quot;animation&quot;:&quot;fadeIn&quot;}\">\n\t\t\t\t\t\t<div class=\"elementor-container elementor-column-gap-no\">\n\t\t\t\t\t<div data-ra-element-link=\"{&quot;url&quot;:&quot;https:\\\/\\\/plataforma.regioncallao.gob.pe\\\/calendario-callao\\\/islas-cavinzas-e-islote-palomino\\\/&quot;,&quot;is_external&quot;:&quot;&quot;,&quot;nofollow&quot;:&quot;&quot;,&quot;custom_attributes&quot;:&quot;&quot;}\" style=\"cursor: pointer\" target=\"_self\" onClick=\"window.open(&#039;https:\/\/plataforma.regioncallao.gob.pe\/calendario-callao\/islas-cavinzas-e-islote-palomino\/&#039;, &#039;_self&#039;)\" class=\"elementor-column elementor-col-25 elementor-top-column elementor-element elementor-element-f1a5242\" data-id=\"f1a5242\" data-element_type=\"column\" data-settings=\"{&quot;background_background&quot;:&quot;gradient&quot;}\">\n\t\t\t<div class=\"elementor-widget-wrap elementor-element-populated\">\n\t\t\t\t\t<div class=\"elementor-background-overlay\"><\/div>\n\t\t\t\t\t\t\t\t<div class=\"elementor-element elementor-element-c818b06 elementor-widget elementor-widget-image\" data-id=\"c818b06\" data-element_type=\"widget\" data-widget_type=\"image.default\">\n\t\t\t\t<div class=\"elementor-widget-container\">\n\t\t\t\t\t\t\t\t\t\t\t\t\t\t\t<img decoding=\"async\" src=\"https:\/\/plataforma.regioncallao.gob.pe\/calendario-callao\/wp-content\/uploads\/elementor\/thumbs\/MG_5282-1-scaled-qsd0oxrp14r6nl98bzlvy4sx9gc918n5gdsuqhtuh4.jpg\" title=\"_MG_5282 (1)\" alt=\"_MG_5282 (1)\" \/>\t\t\t\t\t\t\t\t\t\t\t\t\t\t\t<\/div>\n\t\t\t\t<\/div>\n\t\t\t\t<div class=\"elementor-element elementor-element-bba00f0 elementor-widget elementor-widget-image\" data-id=\"bba00f0\" data-element_type=\"widget\" data-widget_type=\"image.default\">\n\t\t\t\t<div class=\"elementor-widget-container\">\n\t\t\t\t\t\t\t\t\t\t\t\t\t\t\t<img decoding=\"async\" src=\"https:\/\/plataforma.regioncallao.gob.pe\/calendario-callao\/wp-content\/uploads\/elementor\/thumbs\/020-AVENTURAS-r26tb0q0jia7l1it4au1ndk26u87jmsdn05qqyl1ig.png\" title=\"020-AVENTURAS\" alt=\"020-AVENTURAS\" \/>\t\t\t\t\t\t\t\t\t\t\t\t\t\t\t<\/div>\n\t\t\t\t<\/div>\n\t\t\t\t<div class=\"elementor-element elementor-element-ef14433 elementor-widget elementor-widget-heading\" data-id=\"ef14433\" data-element_type=\"widget\" data-widget_type=\"heading.default\">\n\t\t\t\t<div class=\"elementor-widget-container\">\n\t\t\t<h5 class=\"elementor-heading-title elementor-size-default\">ISLAS CAVINZAS E ISLOTE PALOMINO<\/h5>\t\t<\/div>\n\t\t\t\t<\/div>\n\t\t\t\t\t<\/div>\n\t\t<\/div>\n\t\t\t\t<div data-ra-element-link=\"{&quot;url&quot;:&quot;https:\\\/\\\/plataforma.regioncallao.gob.pe\\\/calendario-callao\\\/la-punta\\\/&quot;,&quot;is_external&quot;:&quot;on&quot;,&quot;nofollow&quot;:&quot;&quot;,&quot;custom_attributes&quot;:&quot;&quot;}\" style=\"cursor: pointer\" target=\"_blank\" onClick=\"window.open(&#039;https:\/\/plataforma.regioncallao.gob.pe\/calendario-callao\/la-punta\/&#039;, &#039;_blank&#039;)\" class=\"elementor-column elementor-col-25 elementor-top-column elementor-element elementor-element-9e91d2b aven1\" data-id=\"9e91d2b\" data-element_type=\"column\" data-settings=\"{&quot;background_background&quot;:&quot;gradient&quot;}\">\n\t\t\t<div class=\"elementor-widget-wrap elementor-element-populated\">\n\t\t\t\t\t<div class=\"elementor-background-overlay\"><\/div>\n\t\t\t\t\t\t\t\t<div class=\"elementor-element elementor-element-583b54c elementor-widget elementor-widget-image\" data-id=\"583b54c\" data-element_type=\"widget\" data-widget_type=\"image.default\">\n\t\t\t\t<div class=\"elementor-widget-container\">\n\t\t\t\t\t\t\t\t\t\t\t\t\t\t\t<img decoding=\"async\" src=\"https:\/\/plataforma.regioncallao.gob.pe\/calendario-callao\/wp-content\/uploads\/elementor\/thumbs\/RUTAS-D-qrvzmr1jt8bzsjfmq124xgusgphcq7j4f3mjolijk8.jpg\" title=\"RUTAS-D\" alt=\"RUTAS-D\" \/>\t\t\t\t\t\t\t\t\t\t\t\t\t\t\t<\/div>\n\t\t\t\t<\/div>\n\t\t\t\t<div class=\"elementor-element elementor-element-7f59157 elementor-widget elementor-widget-image\" data-id=\"7f59157\" data-element_type=\"widget\" data-widget_type=\"image.default\">\n\t\t\t\t<div class=\"elementor-widget-container\">\n\t\t\t\t\t\t\t\t\t\t\t\t\t\t\t<img loading=\"lazy\" decoding=\"async\" width=\"80\" height=\"80\" src=\"https:\/\/plataforma.regioncallao.gob.pe\/calendario-callao\/wp-content\/uploads\/2024\/07\/rutas-cortas80.png\" class=\"attachment-large size-large\" alt=\"\" \/>\t\t\t\t\t\t\t\t\t\t\t\t\t\t\t<\/div>\n\t\t\t\t<\/div>\n\t\t\t\t<div class=\"elementor-element elementor-element-c823edd elementor-widget elementor-widget-heading\" data-id=\"c823edd\" data-element_type=\"widget\" data-widget_type=\"heading.default\">\n\t\t\t\t<div class=\"elementor-widget-container\">\n\t\t\t<h5 class=\"elementor-heading-title elementor-size-default\">LA PUNTA<\/h5>\t\t<\/div>\n\t\t\t\t<\/div>\n\t\t\t\t\t<\/div>\n\t\t<\/div>\n\t\t\t\t<div data-ra-element-link=\"{&quot;url&quot;:&quot;https:\\\/\\\/plataforma.regioncallao.gob.pe\\\/calendario-callao\\\/monumental-3\\\/&quot;,&quot;is_external&quot;:&quot;on&quot;,&quot;nofollow&quot;:&quot;&quot;,&quot;custom_attributes&quot;:&quot;&quot;}\" style=\"cursor: pointer\" target=\"_blank\" onClick=\"window.open(&#039;https:\/\/plataforma.regioncallao.gob.pe\/calendario-callao\/monumental-3\/&#039;, &#039;_blank&#039;)\" class=\"elementor-column elementor-col-25 elementor-top-column elementor-element elementor-element-7ddbfa4 aven1\" data-id=\"7ddbfa4\" data-element_type=\"column\" data-settings=\"{&quot;background_background&quot;:&quot;gradient&quot;}\">\n\t\t\t<div class=\"elementor-widget-wrap elementor-element-populated\">\n\t\t\t\t\t<div class=\"elementor-background-overlay\"><\/div>\n\t\t\t\t\t\t\t\t<div class=\"elementor-element elementor-element-24ec36f elementor-widget elementor-widget-image\" data-id=\"24ec36f\" data-element_type=\"widget\" data-widget_type=\"image.default\">\n\t\t\t\t<div class=\"elementor-widget-container\">\n\t\t\t\t\t\t\t\t\t\t\t\t\t\t\t<img decoding=\"async\" src=\"https:\/\/plataforma.regioncallao.gob.pe\/calendario-callao\/wp-content\/uploads\/elementor\/thumbs\/RUTAS-C-qrvzmrze02da45e9kjgrhym923cpxwmur8a15vh5e0.jpg\" title=\"RUTAS-C\" alt=\"RUTAS-C\" \/>\t\t\t\t\t\t\t\t\t\t\t\t\t\t\t<\/div>\n\t\t\t\t<\/div>\n\t\t\t\t<div class=\"elementor-element elementor-element-8d5141a elementor-widget elementor-widget-image\" data-id=\"8d5141a\" data-element_type=\"widget\" data-widget_type=\"image.default\">\n\t\t\t\t<div class=\"elementor-widget-container\">\n\t\t\t\t\t\t\t\t\t\t\t\t\t\t\t<img loading=\"lazy\" decoding=\"async\" width=\"80\" height=\"80\" src=\"https:\/\/plataforma.regioncallao.gob.pe\/calendario-callao\/wp-content\/uploads\/2024\/07\/rutas-cortas80.png\" class=\"attachment-large size-large\" alt=\"\" \/>\t\t\t\t\t\t\t\t\t\t\t\t\t\t\t<\/div>\n\t\t\t\t<\/div>\n\t\t\t\t<div class=\"elementor-element elementor-element-ff294ca elementor-widget elementor-widget-heading\" data-id=\"ff294ca\" data-element_type=\"widget\" data-widget_type=\"heading.default\">\n\t\t\t\t<div class=\"elementor-widget-container\">\n\t\t\t<h5 class=\"elementor-heading-title elementor-size-default\">MONUMENTAL<\/h5>\t\t<\/div>\n\t\t\t\t<\/div>\n\t\t\t\t\t<\/div>\n\t\t<\/div>\n\t\t\t\t<div data-ra-element-link=\"{&quot;url&quot;:&quot;https:\\\/\\\/plataforma.regioncallao.gob.pe\\\/calendario-callao\\\/real-felipe-3\\\/&quot;,&quot;is_external&quot;:&quot;on&quot;,&quot;nofollow&quot;:&quot;&quot;,&quot;custom_attributes&quot;:&quot;&quot;}\" style=\"cursor: pointer\" target=\"_blank\" onClick=\"window.open(&#039;https:\/\/plataforma.regioncallao.gob.pe\/calendario-callao\/real-felipe-3\/&#039;, &#039;_blank&#039;)\" class=\"elementor-column elementor-col-25 elementor-top-column elementor-element elementor-element-2ffa07d aven1\" data-id=\"2ffa07d\" data-element_type=\"column\" data-settings=\"{&quot;background_background&quot;:&quot;gradient&quot;}\">\n\t\t\t<div class=\"elementor-widget-wrap elementor-element-populated\">\n\t\t\t\t\t<div class=\"elementor-background-overlay\"><\/div>\n\t\t\t\t\t\t\t\t<div class=\"elementor-element elementor-element-8fd7073 elementor-widget elementor-widget-image\" data-id=\"8fd7073\" data-element_type=\"widget\" data-widget_type=\"image.default\">\n\t\t\t\t<div class=\"elementor-widget-container\">\n\t\t\t\t\t\t\t\t\t\t\t\t\t\t\t<img decoding=\"async\" src=\"https:\/\/plataforma.regioncallao.gob.pe\/calendario-callao\/wp-content\/uploads\/elementor\/thumbs\/RUTAS-B-qrvzmtv2dqfurdbj9ka0my568v3gdaubfhl04fed1k.jpg\" title=\"RUTAS-B\" alt=\"RUTAS-B\" \/>\t\t\t\t\t\t\t\t\t\t\t\t\t\t\t<\/div>\n\t\t\t\t<\/div>\n\t\t\t\t<div class=\"elementor-element elementor-element-d480e6e elementor-widget elementor-widget-image\" data-id=\"d480e6e\" data-element_type=\"widget\" data-widget_type=\"image.default\">\n\t\t\t\t<div class=\"elementor-widget-container\">\n\t\t\t\t\t\t\t\t\t\t\t\t\t\t\t<img loading=\"lazy\" decoding=\"async\" width=\"80\" height=\"80\" src=\"https:\/\/plataforma.regioncallao.gob.pe\/calendario-callao\/wp-content\/uploads\/2024\/07\/rutas-cortas80.png\" class=\"attachment-large size-large\" alt=\"\" \/>\t\t\t\t\t\t\t\t\t\t\t\t\t\t\t<\/div>\n\t\t\t\t<\/div>\n\t\t\t\t<div class=\"elementor-element elementor-element-31caeed elementor-widget elementor-widget-heading\" data-id=\"31caeed\" data-element_type=\"widget\" data-widget_type=\"heading.default\">\n\t\t\t\t<div class=\"elementor-widget-container\">\n\t\t\t<h5 class=\"elementor-heading-title elementor-size-default\">REAL FELIPE<\/h5>\t\t<\/div>\n\t\t\t\t<\/div>\n\t\t\t\t\t<\/div>\n\t\t<\/div>\n\t\t\t\t\t\t\t<\/div>\n\t\t<\/section>\n\t\t\t\t\t\t<\/div>\n\t\t\t\t\t<\/div>\n\t\t","protected":false},"excerpt":{"rendered":"<p>Multi-purpose Template Create Your Website Lorem ipsum dolor sit amet, consectetur adipiscing elit. Ut elit tellus, luctus nec ullamcorper mattis, pulvinar dapibus leo. Services About Us Service 1 Service 2 Service 3 Amazing Things for You Always write benefits over features. Mention all the benefits or services with some real examples. Focus on how you &hellip;<\/p>\n<p class=\"read-more\"> <a class=\"\" href=\"https:\/\/websitedemos.net\/mountain\/\"> <span class=\"screen-reader-text\">Home<\/span> Read More &raquo;<\/a><\/p>\n","protected":false},"author":1,"featured_media":0,"parent":11,"menu_order":0,"comment_status":"closed","ping_status":"closed","template":"elementor_header_footer","meta":{"footnotes":""},"class_list":["post-3457","page","type-page","status-publish","hentry"],"_links":{"self":[{"href":"https:\/\/plataforma.regioncallao.gob.pe\/calendario-callao\/wp-json\/wp\/v2\/pages\/3457","targetHints":{"allow":["GET"]}}],"collection":[{"href":"https:\/\/plataforma.regioncallao.gob.pe\/calendario-callao\/wp-json\/wp\/v2\/pages"}],"about":[{"href":"https:\/\/plataforma.regioncallao.gob.pe\/calendario-callao\/wp-json\/wp\/v2\/types\/page"}],"author":[{"embeddable":true,"href":"https:\/\/plataforma.regioncallao.gob.pe\/calendario-callao\/wp-json\/wp\/v2\/users\/1"}],"replies":[{"embeddable":true,"href":"https:\/\/plataforma.regioncallao.gob.pe\/calendario-callao\/wp-json\/wp\/v2\/comments?post=3457"}],"version-history":[{"count":57,"href":"https:\/\/plataforma.regioncallao.gob.pe\/calendario-callao\/wp-json\/wp\/v2\/pages\/3457\/revisions"}],"predecessor-version":[{"id":5712,"href":"https:\/\/plataforma.regioncallao.gob.pe\/calendario-callao\/wp-json\/wp\/v2\/pages\/3457\/revisions\/5712"}],"up":[{"embeddable":true,"href":"https:\/\/plataforma.regioncallao.gob.pe\/calendario-callao\/wp-json\/wp\/v2\/pages\/11"}],"wp:attachment":[{"href":"https:\/\/plataforma.regioncallao.gob.pe\/calendario-callao\/wp-json\/wp\/v2\/media?parent=3457"}],"curies":[{"name":"wp","href":"https:\/\/api.w.org\/{rel}","templated":true}]}}