{"id":3134,"date":"2024-06-11T11:50:30","date_gmt":"2024-06-11T16:50:30","guid":{"rendered":"https:\/\/plataforma.regioncallao.gob.pe\/calendario-callao\/?page_id=3134"},"modified":"2024-08-02T10:53:21","modified_gmt":"2024-08-02T15:53:21","slug":"restaurante-don-giuseppe","status":"publish","type":"page","link":"https:\/\/plataforma.regioncallao.gob.pe\/calendario-callao\/restaurante-don-giuseppe\/","title":{"rendered":"Restaurante Don Giuseppe"},"content":{"rendered":"\t\t<div data-elementor-type=\"wp-page\" data-elementor-id=\"3134\" class=\"elementor elementor-3134\" data-elementor-settings=\"[]\">\n\t\t\t\t\t\t\t<div class=\"elementor-section-wrap\">\n\t\t\t\t\t\t\t<section class=\"elementor-section elementor-top-section elementor-element elementor-element-61e6b9e elementor-section-boxed elementor-section-height-default elementor-section-height-default\" data-id=\"61e6b9e\" data-element_type=\"section\">\n\t\t\t\t\t\t\t<div class=\"elementor-background-overlay\"><\/div>\n\t\t\t\t\t\t\t<div class=\"elementor-container elementor-column-gap-default\">\n\t\t\t\t\t<div class=\"elementor-column elementor-col-100 elementor-top-column elementor-element elementor-element-4bc0695\" data-id=\"4bc0695\" data-element_type=\"column\">\n\t\t\t<div class=\"elementor-widget-wrap elementor-element-populated\">\n\t\t\t\t\t\t\t\t<section class=\"elementor-section elementor-inner-section elementor-element elementor-element-ab49ab0 elementor-section-boxed elementor-section-height-default elementor-section-height-default\" data-id=\"ab49ab0\" data-element_type=\"section\">\n\t\t\t\t\t\t<div class=\"elementor-container elementor-column-gap-default\">\n\t\t\t\t\t<div class=\"elementor-column elementor-col-100 elementor-inner-column elementor-element elementor-element-d79a810\" data-id=\"d79a810\" data-element_type=\"column\">\n\t\t\t<div class=\"elementor-widget-wrap elementor-element-populated\">\n\t\t\t\t\t\t\t\t<div class=\"elementor-element elementor-element-c1474bb elementor-widget elementor-widget-heading\" data-id=\"c1474bb\" data-element_type=\"widget\" data-widget_type=\"heading.default\">\n\t\t\t\t<div class=\"elementor-widget-container\">\n\t\t\t<h2 class=\"elementor-heading-title elementor-size-default\">Restaurante Don Giuseppe<\/h2>\t\t<\/div>\n\t\t\t\t<\/div>\n\t\t\t\t\t<\/div>\n\t\t<\/div>\n\t\t\t\t\t\t\t<\/div>\n\t\t<\/section>\n\t\t\t\t<section class=\"elementor-section elementor-inner-section elementor-element elementor-element-2dd0dc6 elementor-section-boxed elementor-section-height-default elementor-section-height-default\" data-id=\"2dd0dc6\" data-element_type=\"section\">\n\t\t\t\t\t\t<div class=\"elementor-container elementor-column-gap-default\">\n\t\t\t\t\t<div class=\"elementor-column elementor-col-100 elementor-inner-column elementor-element elementor-element-db4face\" data-id=\"db4face\" data-element_type=\"column\">\n\t\t\t<div class=\"elementor-widget-wrap elementor-element-populated\">\n\t\t\t\t\t\t\t\t<div class=\"elementor-element elementor-element-b5b8402 elementor-widget elementor-widget-text-editor\" data-id=\"b5b8402\" data-element_type=\"widget\" data-widget_type=\"text-editor.default\">\n\t\t\t\t<div class=\"elementor-widget-container\">\n\t\t\t\t\t\t\t\t<p><span style=\"font-weight: 400;\">Juan Hern\u00e1ndez (Don Guiseppe) y Lidia Siles, fundadores de un ic\u00f3nico restaurante en La Punta, han deleitado por m\u00e1s de 30 a\u00f1os con platos como pan con pejerrey, cebiches norte\u00f1os y pejerreyes sudados. Conocidos por su historia de amor y dedicaci\u00f3n, se casaron hace 51 a\u00f1os y construyeron su negocio desde un puesto playero hasta un reconocido restaurante en el Malec\u00f3n de La Punta. Su legado gastron\u00f3mico y su amor siguen inspirando a todos quienes los visitan.<\/span><\/p>\t\t\t\t\t\t<\/div>\n\t\t\t\t<\/div>\n\t\t\t\t\t<\/div>\n\t\t<\/div>\n\t\t\t\t\t\t\t<\/div>\n\t\t<\/section>\n\t\t\t\t<section class=\"elementor-section elementor-inner-section elementor-element elementor-element-996e664 elementor-section-boxed elementor-section-height-default elementor-section-height-default\" data-id=\"996e664\" data-element_type=\"section\">\n\t\t\t\t\t\t<div class=\"elementor-container elementor-column-gap-default\">\n\t\t\t\t\t<div class=\"elementor-column elementor-col-100 elementor-inner-column elementor-element elementor-element-cfebc97\" data-id=\"cfebc97\" data-element_type=\"column\">\n\t\t\t<div class=\"elementor-widget-wrap elementor-element-populated\">\n\t\t\t\t\t\t\t\t<div class=\"elementor-element elementor-element-a7c18d4 elementor-arrows-position-inside elementor-pagination-position-outside elementor-widget elementor-widget-image-carousel\" data-id=\"a7c18d4\" data-element_type=\"widget\" data-settings=\"{&quot;slides_to_show&quot;:&quot;1&quot;,&quot;navigation&quot;:&quot;both&quot;,&quot;autoplay&quot;:&quot;yes&quot;,&quot;pause_on_hover&quot;:&quot;yes&quot;,&quot;pause_on_interaction&quot;:&quot;yes&quot;,&quot;autoplay_speed&quot;:5000,&quot;infinite&quot;:&quot;yes&quot;,&quot;effect&quot;:&quot;slide&quot;,&quot;speed&quot;:500}\" data-widget_type=\"image-carousel.default\">\n\t\t\t\t<div class=\"elementor-widget-container\">\n\t\t\t\t\t<div class=\"elementor-image-carousel-wrapper swiper-container\" dir=\"ltr\">\n\t\t\t<div class=\"elementor-image-carousel swiper-wrapper\">\n\t\t\t\t<div class=\"swiper-slide\"><figure class=\"swiper-slide-inner\"><img decoding=\"async\" class=\"swiper-slide-image\" src=\"https:\/\/plataforma.regioncallao.gob.pe\/calendario-callao\/wp-content\/uploads\/elementor\/thumbs\/MG_4595-scaled-qpgiu6ppc0kjclbdjfiojk0i0wg8g62j7qiu7jul7o.jpg\" alt=\"_MG_4595\" \/><\/figure><\/div><div class=\"swiper-slide\"><figure class=\"swiper-slide-inner\"><img decoding=\"async\" class=\"swiper-slide-image\" src=\"https:\/\/plataforma.regioncallao.gob.pe\/calendario-callao\/wp-content\/uploads\/elementor\/thumbs\/MG_4607-scaled-qpgitpslwzxdjlzya87eaoa7byrmlm7d5es3kkjobo.jpg\" alt=\"_MG_4607\" \/><\/figure><\/div><div class=\"swiper-slide\"><figure class=\"swiper-slide-inner\"><img decoding=\"async\" class=\"swiper-slide-image\" src=\"https:\/\/plataforma.regioncallao.gob.pe\/calendario-callao\/wp-content\/uploads\/elementor\/thumbs\/MG_4605-scaled-qpgiti9webn2yqavi4ydqq6ikvsow1digdk7qcutpg.jpg\" alt=\"_MG_4605\" \/><\/figure><\/div><div class=\"swiper-slide\"><figure class=\"swiper-slide-inner\"><img decoding=\"async\" class=\"swiper-slide-image\" src=\"https:\/\/plataforma.regioncallao.gob.pe\/calendario-callao\/wp-content\/uploads\/elementor\/thumbs\/MG_4597-scaled-qpgity95mi8yg3nnwtv1f45coflxiw4y6kngw274ro.jpg\" alt=\"_MG_4597\" \/><\/figure><\/div>\t\t\t<\/div>\n\t\t\t\t\t\t\t\t\t\t\t\t<div class=\"swiper-pagination\"><\/div>\n\t\t\t\t\t\t\t\t\t\t\t\t\t<div class=\"elementor-swiper-button elementor-swiper-button-prev\">\n\t\t\t\t\t\t<i class=\"eicon-chevron-left\" aria-hidden=\"true\"><\/i>\n\t\t\t\t\t\t<span class=\"elementor-screen-only\">Previous<\/span>\n\t\t\t\t\t<\/div>\n\t\t\t\t\t<div class=\"elementor-swiper-button elementor-swiper-button-next\">\n\t\t\t\t\t\t<i class=\"eicon-chevron-right\" aria-hidden=\"true\"><\/i>\n\t\t\t\t\t\t<span class=\"elementor-screen-only\">Next<\/span>\n\t\t\t\t\t<\/div>\n\t\t\t\t\t\t\t\t\t<\/div>\n\t\t\t\t<\/div>\n\t\t\t\t<\/div>\n\t\t\t\t\t<\/div>\n\t\t<\/div>\n\t\t\t\t\t\t\t<\/div>\n\t\t<\/section>\n\t\t\t\t<section class=\"elementor-section elementor-inner-section elementor-element elementor-element-deeca83 elementor-section-boxed elementor-section-height-default elementor-section-height-default\" data-id=\"deeca83\" data-element_type=\"section\">\n\t\t\t\t\t\t<div class=\"elementor-container elementor-column-gap-default\">\n\t\t\t\t\t<div class=\"elementor-column elementor-col-100 elementor-inner-column elementor-element elementor-element-2344cfe\" data-id=\"2344cfe\" data-element_type=\"column\">\n\t\t\t<div class=\"elementor-widget-wrap elementor-element-populated\">\n\t\t\t\t\t\t\t\t<div class=\"elementor-element elementor-element-7f65a13 elementor-widget elementor-widget-google_maps\" data-id=\"7f65a13\" data-element_type=\"widget\" data-widget_type=\"google_maps.default\">\n\t\t\t\t<div class=\"elementor-widget-container\">\n\t\t\t<div class=\"elementor-custom-embed\"><iframe frameborder=\"0\" scrolling=\"no\" marginheight=\"0\" marginwidth=\"0\" src=\"https:\/\/maps.google.com\/maps?q=Restaurante%20Don%20Giuseppe&amp;t=m&amp;z=15&amp;output=embed&amp;iwloc=near\" title=\"Restaurante Don Giuseppe\" aria-label=\"Restaurante Don Giuseppe\"><\/iframe><\/div>\t\t<\/div>\n\t\t\t\t<\/div>\n\t\t\t\t\t<\/div>\n\t\t<\/div>\n\t\t\t\t\t\t\t<\/div>\n\t\t<\/section>\n\t\t\t\t\t<\/div>\n\t\t<\/div>\n\t\t\t\t\t\t\t<\/div>\n\t\t<\/section>\n\t\t\t\t<section class=\"elementor-section elementor-top-section elementor-element elementor-element-4c104c7 elementor-section-boxed elementor-section-height-default elementor-section-height-default\" data-id=\"4c104c7\" data-element_type=\"section\">\n\t\t\t\t\t\t<div class=\"elementor-container elementor-column-gap-default\">\n\t\t\t\t\t<div class=\"elementor-column elementor-col-100 elementor-top-column elementor-element elementor-element-a63b091\" data-id=\"a63b091\" data-element_type=\"column\">\n\t\t\t<div class=\"elementor-widget-wrap elementor-element-populated\">\n\t\t\t\t\t\t\t\t<section class=\"elementor-section elementor-inner-section elementor-element elementor-element-ee55340 elementor-section-boxed elementor-section-height-default elementor-section-height-default\" data-id=\"ee55340\" data-element_type=\"section\">\n\t\t\t\t\t\t<div class=\"elementor-container elementor-column-gap-default\">\n\t\t\t\t\t<div class=\"elementor-column elementor-col-100 elementor-inner-column elementor-element elementor-element-8992398\" data-id=\"8992398\" data-element_type=\"column\">\n\t\t\t<div class=\"elementor-widget-wrap elementor-element-populated\">\n\t\t\t\t\t\t\t\t<div class=\"elementor-element elementor-element-effd3ba elementor-widget elementor-widget-image\" data-id=\"effd3ba\" data-element_type=\"widget\" data-widget_type=\"image.default\">\n\t\t\t\t<div class=\"elementor-widget-container\">\n\t\t\t\t\t\t\t\t\t\t\t\t\t\t\t<img loading=\"lazy\" decoding=\"async\" width=\"300\" height=\"159\" src=\"https:\/\/plataforma.regioncallao.gob.pe\/calendario-callao\/wp-content\/uploads\/2021\/06\/cropped-logo-grc-300x159.png\" class=\"attachment-medium size-medium\" alt=\"\" srcset=\"https:\/\/plataforma.regioncallao.gob.pe\/calendario-callao\/wp-content\/uploads\/2021\/06\/cropped-logo-grc-300x159.png 300w, https:\/\/plataforma.regioncallao.gob.pe\/calendario-callao\/wp-content\/uploads\/2021\/06\/cropped-logo-grc-1024x543.png 1024w, https:\/\/plataforma.regioncallao.gob.pe\/calendario-callao\/wp-content\/uploads\/2021\/06\/cropped-logo-grc-768x407.png 768w, https:\/\/plataforma.regioncallao.gob.pe\/calendario-callao\/wp-content\/uploads\/2021\/06\/cropped-logo-grc-1536x815.png 1536w, https:\/\/plataforma.regioncallao.gob.pe\/calendario-callao\/wp-content\/uploads\/2021\/06\/cropped-logo-grc-2048x1086.png 2048w\" sizes=\"auto, (max-width: 300px) 100vw, 300px\" \/>\t\t\t\t\t\t\t\t\t\t\t\t\t\t\t<\/div>\n\t\t\t\t<\/div>\n\t\t\t\t\t<\/div>\n\t\t<\/div>\n\t\t\t\t\t\t\t<\/div>\n\t\t<\/section>\n\t\t\t\t\t<\/div>\n\t\t<\/div>\n\t\t\t\t\t\t\t<\/div>\n\t\t<\/section>\n\t\t\t\t\t\t<\/div>\n\t\t\t\t\t<\/div>\n\t\t","protected":false},"excerpt":{"rendered":"<p>Restaurante Don Giuseppe Juan Hern\u00e1ndez (Don Guiseppe) y Lidia Siles, fundadores de un ic\u00f3nico restaurante en La Punta, han deleitado por m\u00e1s de 30 a\u00f1os con platos como pan con pejerrey, cebiches norte\u00f1os y pejerreyes sudados. Conocidos por su historia de amor y dedicaci\u00f3n, se casaron hace 51 a\u00f1os y construyeron su negocio desde un &hellip;<\/p>\n<p class=\"read-more\"> <a class=\"\" href=\"https:\/\/plataforma.regioncallao.gob.pe\/calendario-callao\/restaurante-don-giuseppe\/\"> <span class=\"screen-reader-text\">Restaurante Don Giuseppe<\/span> Read More &raquo;<\/a><\/p>\n","protected":false},"author":1,"featured_media":0,"parent":0,"menu_order":0,"comment_status":"closed","ping_status":"closed","template":"","meta":{"footnotes":""},"class_list":["post-3134","page","type-page","status-publish","hentry"],"_links":{"self":[{"href":"https:\/\/plataforma.regioncallao.gob.pe\/calendario-callao\/wp-json\/wp\/v2\/pages\/3134","targetHints":{"allow":["GET"]}}],"collection":[{"href":"https:\/\/plataforma.regioncallao.gob.pe\/calendario-callao\/wp-json\/wp\/v2\/pages"}],"about":[{"href":"https:\/\/plataforma.regioncallao.gob.pe\/calendario-callao\/wp-json\/wp\/v2\/types\/page"}],"author":[{"embeddable":true,"href":"https:\/\/plataforma.regioncallao.gob.pe\/calendario-callao\/wp-json\/wp\/v2\/users\/1"}],"replies":[{"embeddable":true,"href":"https:\/\/plataforma.regioncallao.gob.pe\/calendario-callao\/wp-json\/wp\/v2\/comments?post=3134"}],"version-history":[{"count":9,"href":"https:\/\/plataforma.regioncallao.gob.pe\/calendario-callao\/wp-json\/wp\/v2\/pages\/3134\/revisions"}],"predecessor-version":[{"id":4522,"href":"https:\/\/plataforma.regioncallao.gob.pe\/calendario-callao\/wp-json\/wp\/v2\/pages\/3134\/revisions\/4522"}],"wp:attachment":[{"href":"https:\/\/plataforma.regioncallao.gob.pe\/calendario-callao\/wp-json\/wp\/v2\/media?parent=3134"}],"curies":[{"name":"wp","href":"https:\/\/api.w.org\/{rel}","templated":true}]}}